{"id":414,"date":"2025-05-31T04:17:35","date_gmt":"2025-05-31T04:17:35","guid":{"rendered":"https:\/\/travelexperienceperu.com\/?page_id=414"},"modified":"2025-11-27T02:58:45","modified_gmt":"2025-11-27T02:58:45","slug":"414-2","status":"publish","type":"page","link":"https:\/\/travelexperienceperu.com\/index.php\/explora-cusco\/414-2\/","title":{"rendered":"Cusco 6D- 5N"},"content":{"rendered":"<p>[et_pb_section fb_built=&#8221;1&#8243; _builder_version=&#8221;4.27.4&#8243; _module_preset=&#8221;default&#8221; background_image=&#8221;https:\/\/travelexperienceperu.com\/wp-content\/uploads\/2025\/05\/18.png&#8221; background_position=&#8221;top_center&#8221; custom_margin=&#8221;||||false|false&#8221; custom_padding=&#8221;||||false|false&#8221; da_disable_devices=&#8221;off|off|off&#8221; global_colors_info=&#8221;{}&#8221; da_is_popup=&#8221;off&#8221; da_exit_intent=&#8221;off&#8221; da_has_close=&#8221;on&#8221; da_alt_close=&#8221;off&#8221; da_dark_close=&#8221;off&#8221; da_not_modal=&#8221;on&#8221; da_is_singular=&#8221;off&#8221; da_with_loader=&#8221;off&#8221; da_has_shadow=&#8221;on&#8221;][et_pb_row _builder_version=&#8221;4.27.4&#8243; _module_preset=&#8221;default&#8221; background_enable_color=&#8221;off&#8221; background_enable_image=&#8221;off&#8221; filter_contrast=&#8221;77%&#8221; border_radii=&#8221;on|12px|12px|12px|12px&#8221; global_colors_info=&#8221;{}&#8221;][et_pb_column type=&#8221;4_4&#8243; _builder_version=&#8221;4.27.4&#8243; _module_preset=&#8221;default&#8221; global_colors_info=&#8221;{}&#8221;][et_pb_text _builder_version=&#8221;4.27.4&#8243; _module_preset=&#8221;default&#8221; text_text_color=&#8221;#B83A01&#8243; header_text_color=&#8221;#B83A01&#8243; header_2_text_color=&#8221;#B83A01&#8243; animation_style=&#8221;slide&#8221; header_2_text_shadow_style=&#8221;preset2&#8243; global_colors_info=&#8221;{}&#8221;]<\/p>\n<h2 style=\"text-align: center;\">Cusco <span>6D \u2013 5N<\/span><\/h2>\n<p>[\/et_pb_text][et_pb_text _builder_version=&#8221;4.27.4&#8243; _module_preset=&#8221;default&#8221; text_text_color=&#8221;#B83A01&#8243; header_text_color=&#8221;#DA6509&#8243; header_3_text_color=&#8221;#B83A01&#8243; custom_padding=&#8221;||0px|||&#8221; header_2_text_shadow_style=&#8221;preset2&#8243; global_colors_info=&#8221;{}&#8221;]<\/p>\n<h3 style=\"text-align: center;\">6 Dias 5 Noches, Alojamiento, Desayuno, Traslados, Vuelos, Ingresos, Y mas.<\/h3>\n<p>[\/et_pb_text][\/et_pb_column][\/et_pb_row][\/et_pb_section][et_pb_section fb_built=&#8221;1&#8243; _builder_version=&#8221;4.27.4&#8243; _module_preset=&#8221;default&#8221; background_color=&#8221;#2a2632&#8243; custom_margin=&#8221;||||false|false&#8221; custom_padding=&#8221;||||false|false&#8221; hover_enabled=&#8221;0&#8243; da_disable_devices=&#8221;off|off|off&#8221; global_colors_info=&#8221;{}&#8221; sticky_enabled=&#8221;0&#8243; da_is_popup=&#8221;off&#8221; da_exit_intent=&#8221;off&#8221; da_has_close=&#8221;on&#8221; da_alt_close=&#8221;off&#8221; da_dark_close=&#8221;off&#8221; da_not_modal=&#8221;on&#8221; da_is_singular=&#8221;off&#8221; da_with_loader=&#8221;off&#8221; da_has_shadow=&#8221;on&#8221;][et_pb_row column_structure=&#8221;1_2,1_2&#8243; _builder_version=&#8221;4.27.4&#8243; _module_preset=&#8221;default&#8221; custom_padding=&#8221;1px||||false|false&#8221; hover_enabled=&#8221;0&#8243; global_colors_info=&#8221;{}&#8221; make_equal=&#8221;on&#8221; width=&#8221;100%&#8221; sticky_enabled=&#8221;0&#8243; use_custom_gutter=&#8221;on&#8221; gutter_width=&#8221;2&#8243;][et_pb_column type=&#8221;1_2&#8243; _builder_version=&#8221;4.27.4&#8243; _module_preset=&#8221;default&#8221; global_colors_info=&#8221;{}&#8221;][et_pb_text _builder_version=&#8221;4.27.4&#8243; _module_preset=&#8221;default&#8221; header_text_align=&#8221;center&#8221; header_text_color=&#8221;#53382F&#8221; text_orientation=&#8221;center&#8221; animation_style=&#8221;flip&#8221; hover_enabled=&#8221;0&#8243; text_text_shadow_style=&#8221;preset2&#8243; global_colors_info=&#8221;{}&#8221; background_layout=&#8221;dark&#8221; sticky_enabled=&#8221;0&#8243;]<\/p>\n<h3>Dia 1 &#8211; LLEGADA A CUSCO<\/h3>\n<p>[\/et_pb_text][et_pb_text _builder_version=&#8221;4.27.4&#8243; _module_preset=&#8221;default&#8221; animation_style=&#8221;flip&#8221; locked=&#8221;off&#8221; global_colors_info=&#8221;{}&#8221; header_text_align=&#8221;center&#8221; header_text_color=&#8221;#53382F&#8221; text_orientation=&#8221;center&#8221; text_text_shadow_style=&#8221;preset2&#8243; background_layout=&#8221;dark&#8221;]<\/p>\n<h4>De acuerdo al horario de llegada de su vuelo a la Ciudad del Cusco, nos estar\u00e1 esperando un agente con un cartel y el nombre del grupo en las puertas de salida para acompa\u00f1arnos hasta nuestro alojamiento reservado, recibiremos una retroalimentaci\u00f3n de nuestro itinerario y las mejores recomendaciones para los d\u00edas de estad\u00eda en Cusco.<\/h4>\n<p>[\/et_pb_text][et_pb_image src=&#8221;https:\/\/travelexperienceperu.com\/wp-content\/uploads\/2025\/06\/ESPANOL-2.pdf-image-508.png&#8221; title_text=&#8221;ESPA\u00d1OL (2).pdf-image-508&#8243; align=&#8221;center&#8221; _builder_version=&#8221;4.27.4&#8243; _module_preset=&#8221;default&#8221; width=&#8221;86%&#8221; animation_style=&#8221;fade&#8221; border_radii=&#8221;on|12px|12px|12px|12px&#8221; box_shadow_style=&#8221;preset1&#8243; global_colors_info=&#8221;{}&#8221;][\/et_pb_image][\/et_pb_column][et_pb_column type=&#8221;1_2&#8243; _builder_version=&#8221;4.27.4&#8243; _module_preset=&#8221;default&#8221; global_colors_info=&#8221;{}&#8221;][et_pb_text _builder_version=&#8221;4.27.4&#8243; _module_preset=&#8221;default&#8221; header_text_align=&#8221;center&#8221; header_text_color=&#8221;#53382F&#8221; text_orientation=&#8221;center&#8221; animation_style=&#8221;flip&#8221; text_text_shadow_style=&#8221;preset2&#8243; global_colors_info=&#8221;{}&#8221; background_layout=&#8221;dark&#8221;]<\/p>\n<h3>Dia 2 &#8211;\u00a0 TOUR EN CUSCO<\/h3>\n<p>[\/et_pb_text][et_pb_text _builder_version=&#8221;4.27.4&#8243; _module_preset=&#8221;default&#8221; animation_style=&#8221;flip&#8221; locked=&#8221;off&#8221; global_colors_info=&#8221;{}&#8221; header_text_align=&#8221;center&#8221; header_text_color=&#8221;#53382F&#8221; text_orientation=&#8221;center&#8221; text_text_shadow_style=&#8221;preset2&#8243; background_layout=&#8221;dark&#8221;]<\/p>\n<h4 style=\"text-align: justify;\">Iniciaremos esta experiencia con el recojo de su alojamiento para luego dar inicio a nuestro tour por la ciudad de Cusco, donde conoceremos los siguientes atractivos:<\/h4>\n<h4 style=\"text-align: justify;\">&#8211; Qoricancha: conocido como el Templo del Sol, fue la construcci\u00f3n religiosa Inca m\u00e1s importante, dentro de este templo podremos apreciar la mezcla entre la arquitectura de estilo Inca y los nuevos estilos tra\u00eddos por los espa\u00f1oles.<\/h4>\n<h4 style=\"text-align: justify;\">&#8211; Sacsayhuaman: cuya traducci\u00f3n al espa\u00f1ol es cabeza de puma es la zona arqueol\u00f3gica de mayor envergadura dentro de la misma ciudad de Cusco, conocido por sus gigantescos bloques de piedra que en algunos casos superan las m\u00e1s de 100<br \/>toneladas de peso.<\/h4>\n<h4 style=\"text-align: justify;\">&#8211; Q\u00b4enqo: fue el antiguo lugar de la momificaci\u00f3n, no se descarta que habr\u00eda cumplido con la funci\u00f3n de mausoleo real a la muerte del noveno gobernante Inca Pachac\u00fatec.<br \/>&#8211; Puka Pucar\u00e1: popularmente conocida como la fortaleza de color rojo, debido a la pigmentaci\u00f3n que posee las rocas con las que fue edificado, podr\u00e1 disfrutar de una espectacular vista del paisaje andino.<\/h4>\n<h4 style=\"text-align: justify;\">&#8211; Tambomachay: denominado popularmente como el Templo al Agua, su mayor atractivo son las fuentes de agua distribuidas en 2 ca\u00eddas las cuales provienen de filtraciones subterr\u00e1neas.<br \/>Una vez culminada la visita de los atractivos mencionados retornaremos nuestra movilidad nos dejara en un punto referencial cerca de la Plaza principal de la ciudad del Cusco.<\/h4>\n<p>[\/et_pb_text][et_pb_image src=&#8221;https:\/\/travelexperienceperu.com\/wp-content\/uploads\/2025\/05\/18.png&#8221; title_text=&#8221;18&#8243; align=&#8221;center&#8221; _builder_version=&#8221;4.27.4&#8243; _module_preset=&#8221;default&#8221; width=&#8221;70%&#8221; animation_style=&#8221;fade&#8221; border_radii=&#8221;on|12px|12px|12px|12px&#8221; box_shadow_style=&#8221;preset1&#8243; global_colors_info=&#8221;{}&#8221;][\/et_pb_image][\/et_pb_column][\/et_pb_row][et_pb_row column_structure=&#8221;1_2,1_2&#8243; _builder_version=&#8221;4.27.4&#8243; _module_preset=&#8221;default&#8221; hover_enabled=&#8221;0&#8243; global_colors_info=&#8221;{}&#8221; use_custom_gutter=&#8221;on&#8221; gutter_width=&#8221;2&#8243; width=&#8221;100%&#8221; sticky_enabled=&#8221;0&#8243;][et_pb_column type=&#8221;1_2&#8243; _builder_version=&#8221;4.27.4&#8243; _module_preset=&#8221;default&#8221; global_colors_info=&#8221;{}&#8221;][et_pb_text _builder_version=&#8221;4.27.4&#8243; _module_preset=&#8221;default&#8221; header_text_align=&#8221;center&#8221; header_text_color=&#8221;#53382F&#8221; text_orientation=&#8221;center&#8221; animation_style=&#8221;flip&#8221; text_text_shadow_style=&#8221;preset2&#8243; global_colors_info=&#8221;{}&#8221; background_layout=&#8221;dark&#8221;]<\/p>\n<h3>Dia 3 &#8211; VALLE SAGRADO<\/h3>\n<p>[\/et_pb_text][et_pb_text _builder_version=&#8221;4.27.4&#8243; _module_preset=&#8221;default&#8221; animation_style=&#8221;flip&#8221; locked=&#8221;off&#8221; global_colors_info=&#8221;{}&#8221; header_text_align=&#8221;center&#8221; header_text_color=&#8221;#53382F&#8221; text_orientation=&#8221;center&#8221; text_text_shadow_style=&#8221;preset2&#8243; background_layout=&#8221;dark&#8221;]<\/p>\n<h4 style=\"text-align: justify;\">Este majestuoso tour empezar\u00e1 a las 7:30 am aproximadamente con el recojo de su alojamiento, donde tendremos la oportunidad de observar diferentes microclimas, nuestro primer punto ser\u00e1 el mirador de Taray donde tendremos una impresionante vista del Valle Sagrado de los Incas, continuaremos a Pisaq donde visitaremos este gran complejo arqueol\u00f3gico para posteriormente descender el pueblo de Pisaq para la visita de un taller orfebre.<\/h4>\n<h4 style=\"text-align: justify;\">Continuaremos a Urubamba donde tendremos nuestro almuerzo Buffet en uno de los mejores restaurantes tur\u00edsticos de Urubamba, una vez culminado el tiempo del almuerzo continuaremos el viaje por unos 40 minutos aproximadamente hasta llegar a Ollantaytambo conocido por las ruinas de Ollantaytambo, un enorme fuerte inca con grandes terrazas de piedra sobre una ladera, tendremos un recorrido dentro del sitio arqueol\u00f3gico por un tiempo promedio de 30 a 40 minutos.<\/h4>\n<h4 style=\"text-align: justify;\">Nos dirigiremos a la estaci\u00f3n de tren para posteriormente abordar nuestro tren y partir rumbo a Aguas Calientes (Machupicchu Pueblo)<\/h4>\n<p>[\/et_pb_text][et_pb_image src=&#8221;https:\/\/travelexperienceperu.com\/wp-content\/uploads\/2025\/05\/31-1.png&#8221; alt=&#8221;Vive la Experiencia&#8221; title_text=&#8221;31&#8243; _builder_version=&#8221;4.27.4&#8243; _module_preset=&#8221;default&#8221; width=&#8221;67%&#8221; module_alignment=&#8221;center&#8221; animation_style=&#8221;fade&#8221; border_radii=&#8221;on|12px|12px|12px|12px&#8221; box_shadow_style=&#8221;preset1&#8243; global_colors_info=&#8221;{}&#8221;][\/et_pb_image][\/et_pb_column][et_pb_column type=&#8221;1_2&#8243; _builder_version=&#8221;4.27.4&#8243; _module_preset=&#8221;default&#8221; global_colors_info=&#8221;{}&#8221;][et_pb_text _builder_version=&#8221;4.27.4&#8243; _module_preset=&#8221;default&#8221; header_text_align=&#8221;center&#8221; header_text_color=&#8221;#53382F&#8221; text_orientation=&#8221;center&#8221; animation_style=&#8221;flip&#8221; text_text_shadow_style=&#8221;preset2&#8243; global_colors_info=&#8221;{}&#8221; background_layout=&#8221;dark&#8221;]<\/p>\n<h3>Dia 4 &#8211; CIUDADELA DE MACHUPPICHU<\/h3>\n<p>[\/et_pb_text][et_pb_text _builder_version=&#8221;4.27.4&#8243; _module_preset=&#8221;default&#8221; animation_style=&#8221;flip&#8221; locked=&#8221;off&#8221; global_colors_info=&#8221;{}&#8221; header_text_align=&#8221;center&#8221; header_text_color=&#8221;#53382F&#8221; text_orientation=&#8221;center&#8221; text_text_shadow_style=&#8221;preset2&#8243; background_layout=&#8221;dark&#8221;]<\/p>\n<h4 style=\"text-align: justify;\">Nuestro gu\u00eda le estar\u00e1 esperando a la hora y en el lugar de encuentro (esto ser\u00e1 coordinado una noche antes).\u2028<\/h4>\n<h4 style=\"text-align: justify;\">Nos dirigiremos a la estaci\u00f3n de buses Conssetur el cual nos transportar\u00e1 de Aguas Calientes hasta la Ciudadela de Machupicchu, presentaremos el ticket de ingresos y los documentos de identificaci\u00f3n para poder ingresar a la Llaqta de Machupicchu, tendr\u00e1 un recorrido de 2 horas a 2:30 min. como m\u00e1ximo para poder recorrer dentro del atractivo y aprovechar las mejores tomas fotogr\u00e1ficas. Tomaremos el bus de retorno hacia Machupicchu Pueblo, para aprovechar el tiempo en poder almorzar y conocer el pueblo. Nos dirigiremos a la estaci\u00f3n de tren para posteriormente abordar y retornar hasta Ollantaytambo. \u2028<\/h4>\n<h4 style=\"text-align: justify;\">Nuestra movilidad estar\u00e1 esper\u00e1ndonos en Ollantaytambo para retornarnos hasta la ciudad del Cusco.<\/h4>\n<p>[\/et_pb_text][et_pb_image src=&#8221;https:\/\/travelexperienceperu.com\/wp-content\/uploads\/2025\/05\/34-1.png&#8221; title_text=&#8221;34&#8243; align=&#8221;center&#8221; _builder_version=&#8221;4.27.4&#8243; _module_preset=&#8221;default&#8221; animation_style=&#8221;fade&#8221; border_radii=&#8221;on|12px|12px|12px|12px&#8221; box_shadow_style=&#8221;preset1&#8243; global_colors_info=&#8221;{}&#8221;][\/et_pb_image][\/et_pb_column][\/et_pb_row][et_pb_row column_structure=&#8221;1_2,1_2&#8243; _builder_version=&#8221;4.27.4&#8243; _module_preset=&#8221;default&#8221; global_colors_info=&#8221;{}&#8221; use_custom_gutter=&#8221;on&#8221; gutter_width=&#8221;2&#8243; width=&#8221;100%&#8221;][et_pb_column type=&#8221;1_2&#8243; _builder_version=&#8221;4.27.4&#8243; _module_preset=&#8221;default&#8221; global_colors_info=&#8221;{}&#8221;][et_pb_text _builder_version=&#8221;4.27.4&#8243; _module_preset=&#8221;default&#8221; header_text_align=&#8221;center&#8221; header_text_color=&#8221;#53382F&#8221; text_orientation=&#8221;center&#8221; animation_style=&#8221;flip&#8221; text_text_shadow_style=&#8221;preset2&#8243; global_colors_info=&#8221;{}&#8221; background_layout=&#8221;dark&#8221;]<\/p>\n<h3>Dia 5 &#8211; MONTA\u00d1A DE COLORES<\/h3>\n<p>[\/et_pb_text][et_pb_text _builder_version=&#8221;4.27.4&#8243; _module_preset=&#8221;default&#8221; animation_style=&#8221;flip&#8221; locked=&#8221;off&#8221; global_colors_info=&#8221;{}&#8221; header_text_align=&#8221;center&#8221; header_text_color=&#8221;#53382F&#8221; text_orientation=&#8221;center&#8221; text_text_shadow_style=&#8221;preset2&#8243; background_layout=&#8221;dark&#8221;]<\/p>\n<h4 style=\"text-align: justify;\">Iniciaremos nuestro tour hacia la Monta\u00f1a de 7 Colores &#8211; Vinicunca recogi\u00e9ndote de tu hotel en Cusco entre las 04:00 a 04:30 am para luego abordo de nuestra movilidad tur\u00edstica dirigirnos hacia el sur del Cusco. Nos dirigiremos hacia el distrito de Cusipata donde tendremos nuestro desayuno buffet.<\/h4>\n<h4 style=\"text-align: justify;\">Viajaremos 1 horas m\u00e1s en el transporte hasta la localidad de Chillihuani donde empezaremos nuestra caminata, 3km de subida aguardan por nosotros lo cual lo realizaremos en 1 hora con 30 minutos aproximadamente llegando a la cumbre a 5100 m.s.n.m y poder observar la Monta\u00f1a de Colores, descenderemos por el mismo camino hasta el estacionamiento.<\/h4>\n<h4 style=\"text-align: justify;\">Retornaremos a la localidad de Cusipata para el almuerzo buffet y finalmente a la ciudad del Cusco.<\/h4>\n<p>[\/et_pb_text][et_pb_image src=&#8221;https:\/\/travelexperienceperu.com\/wp-content\/uploads\/2025\/05\/56.png&#8221; title_text=&#8221;56&#8243; _builder_version=&#8221;4.27.4&#8243; _module_preset=&#8221;default&#8221; animation_style=&#8221;fade&#8221; border_radii=&#8221;on|12px|12px|12px|12px&#8221; box_shadow_style=&#8221;preset1&#8243; global_colors_info=&#8221;{}&#8221;][\/et_pb_image][\/et_pb_column][et_pb_column type=&#8221;1_2&#8243; _builder_version=&#8221;4.27.4&#8243; _module_preset=&#8221;default&#8221; global_colors_info=&#8221;{}&#8221;][et_pb_text _builder_version=&#8221;4.27.4&#8243; _module_preset=&#8221;default&#8221; header_text_align=&#8221;center&#8221; header_text_color=&#8221;#53382F&#8221; text_orientation=&#8221;center&#8221; animation_style=&#8221;flip&#8221; text_text_shadow_style=&#8221;preset2&#8243; locked=&#8221;off&#8221; global_colors_info=&#8221;{}&#8221; background_layout=&#8221;dark&#8221;]<\/p>\n<h3>Dia 6 &#8211; RETORNO A SU PAIS<\/h3>\n<p>[\/et_pb_text][et_pb_text _builder_version=&#8221;4.27.4&#8243; _module_preset=&#8221;default&#8221; animation_style=&#8221;flip&#8221; locked=&#8221;off&#8221; global_colors_info=&#8221;{}&#8221; header_text_align=&#8221;center&#8221; header_text_color=&#8221;#53382F&#8221; text_orientation=&#8221;center&#8221; text_text_shadow_style=&#8221;preset2&#8243; background_layout=&#8221;dark&#8221;]<\/p>\n<h4 style=\"text-align: justify;\">De acuerdo al horario de vuelo adquirido nuestra movilidad pasara por su alojamiento para luego tomar el vuelo con direcci\u00f3n al aeropuerto de Lima.<\/h4>\n<h4 style=\"text-align: justify;\">En el Aeropuerto realizaras el check in correspondiente para el vuelo internacional y continuar tu viaje hacia su Pa\u00eds de Origen.<\/h4>\n<p>[\/et_pb_text][et_pb_image src=&#8221;https:\/\/travelexperienceperu.com\/wp-content\/uploads\/2025\/06\/ESPANOL-2.pdf-image-788.png&#8221; title_text=&#8221;ESPA\u00d1OL (2).pdf-image-788&#8243; align=&#8221;center&#8221; _builder_version=&#8221;4.27.4&#8243; _module_preset=&#8221;default&#8221; width=&#8221;40%&#8221; animation_style=&#8221;fade&#8221; border_radii=&#8221;on|12px|12px|12px|12px&#8221; box_shadow_style=&#8221;preset1&#8243; locked=&#8221;off&#8221; global_colors_info=&#8221;{}&#8221;][\/et_pb_image][et_pb_text _builder_version=&#8221;4.27.4&#8243; _module_preset=&#8221;default&#8221; text_text_color=&#8221;#B83A01&#8243; header_text_align=&#8221;left&#8221; header_text_color=&#8221;#B83A01&#8243; header_3_text_color=&#8221;#f42602&#8243; custom_padding=&#8221;||0px|||&#8221; header_2_text_shadow_style=&#8221;preset2&#8243; header_3_text_shadow_style=&#8221;preset2&#8243; locked=&#8221;off&#8221; global_colors_info=&#8221;{}&#8221;]<\/p>\n<h3 style=\"text-align: right;\">Tarifa por Persona:<\/h3>\n<h3 style=\"text-align: right;\"><span style=\"color: #ff0000;\">$700<\/span><\/h3>\n<p>[\/et_pb_text][\/et_pb_column][\/et_pb_row][\/et_pb_section][et_pb_section fb_built=&#8221;1&#8243; disabled_on=&#8221;off|off|off&#8221; admin_label=&#8221;CTA&#8221; _builder_version=&#8221;4.27.4&#8243; background_image=&#8221;https:\/\/travelexperienceperu.com\/wp-content\/uploads\/2025\/10\/Basilica-de-Guadalupe-con-la-Puerta-Santa-del-Ano-de-la-Misericordia-1.png&#8221; custom_margin=&#8221;|||&#8221; custom_padding=&#8221;0px|||&#8221; da_disable_devices=&#8221;off|off|off&#8221; global_colors_info=&#8221;{}&#8221; da_is_popup=&#8221;off&#8221; da_exit_intent=&#8221;off&#8221; da_has_close=&#8221;on&#8221; da_alt_close=&#8221;off&#8221; da_dark_close=&#8221;off&#8221; da_not_modal=&#8221;on&#8221; da_is_singular=&#8221;off&#8221; da_with_loader=&#8221;off&#8221; da_has_shadow=&#8221;on&#8221;][et_pb_row use_custom_gutter=&#8221;on&#8221; gutter_width=&#8221;1&#8243; custom_padding_last_edited=&#8221;on|tablet&#8221; module_class=&#8221; et_pb_row_fullwidth&#8221; _builder_version=&#8221;4.27.4&#8243; use_background_color_gradient=&#8221;on&#8221; background_color_gradient_stops=&#8221;#ffffff 0%|rgba(255,255,255,0) 22%&#8221; background_color_gradient_start=&#8221;#ffffff&#8221; background_color_gradient_end=&#8221;rgba(255,255,255,0)&#8221; background_color_gradient_end_position=&#8221;22%&#8221; background_size=&#8221;initial&#8221; background_position=&#8221;top_left&#8221; background_repeat=&#8221;repeat&#8221; width=&#8221;100%&#8221; width_tablet=&#8221;100%&#8221; width_phone=&#8221;100%&#8221; width_last_edited=&#8221;on|desktop&#8221; max_width=&#8221;100%&#8221; max_width_tablet=&#8221;100%&#8221; max_width_phone=&#8221;100%&#8221; max_width_last_edited=&#8221;on|desktop&#8221; custom_margin=&#8221;||||false|false&#8221; custom_padding=&#8221;150px|0px|150px|0px|false|false&#8221; custom_padding_tablet=&#8221;0px|||&#8221; custom_padding_phone=&#8221;45px||||false|false&#8221; make_fullwidth=&#8221;on&#8221; global_colors_info=&#8221;{}&#8221;][et_pb_column type=&#8221;4_4&#8243; _builder_version=&#8221;4.16&#8243; custom_padding=&#8221;|||&#8221; global_colors_info=&#8221;{}&#8221; custom_padding__hover=&#8221;|||&#8221;][et_pb_text admin_label=&#8221;CTA Section Title&#8221; _builder_version=&#8221;4.27.4&#8243; text_font=&#8221;||||&#8221; text_text_color=&#8221;#ECA325&#8243; text_line_height=&#8221;1em&#8221; header_font=&#8221;Oswald|on||on|&#8221; header_text_align=&#8221;center&#8221; header_font_size=&#8221;60px&#8221; header_line_height=&#8221;1.3em&#8221; header_2_text_color=&#8221;#B83A01&#8243; background_size=&#8221;initial&#8221; background_position=&#8221;top_left&#8221; background_repeat=&#8221;repeat&#8221; text_orientation=&#8221;center&#8221; module_alignment=&#8221;center&#8221; custom_margin=&#8221;||60px|&#8221; custom_padding=&#8221;|||&#8221; animation_style=&#8221;slide&#8221; animation_direction=&#8221;top&#8221; animation_intensity_slide=&#8221;10%&#8221; locked=&#8221;off&#8221; global_colors_info=&#8221;{}&#8221;]<\/p>\n<h2>\u00a1Prep\u00e1rate para vivir aventuras inolvidables!<\/h2>\n<p>[\/et_pb_text][et_pb_button button_url=&#8221;https:\/\/travelexperienceperu.com\/index.php\/660-2\/&#8221; button_text=&#8221;Contactanos&#8221; button_alignment=&#8221;center&#8221; _builder_version=&#8221;4.27.4&#8243; custom_button=&#8221;on&#8221; button_text_color=&#8221;#ffffff&#8221; button_bg_color=&#8221;#B83A01&#8243; button_border_width=&#8221;0px&#8221; button_border_color=&#8221;#B83A01&#8243; button_border_radius=&#8221;12px&#8221; button_letter_spacing=&#8221;4px&#8221; button_font=&#8221;Oswald|on||on|&#8221; button_icon=&#8221;&#x24;||divi||400&#8243; button_icon_color=&#8221;#ECA325&#8243; button_border_color_hover=&#8221;#1a1a1a&#8221; button_border_radius_hover=&#8221;0px&#8221; button_letter_spacing_hover=&#8221;4px&#8221; button_bg_color_hover=&#8221;rgba(0,0,0,0)&#8221; locked=&#8221;off&#8221; global_colors_info=&#8221;{}&#8221; button_text_size__hover_enabled=&#8221;off&#8221; button_one_text_size__hover_enabled=&#8221;off&#8221; button_two_text_size__hover_enabled=&#8221;off&#8221; button_text_color__hover_enabled=&#8221;off&#8221; button_one_text_color__hover_enabled=&#8221;off&#8221; button_two_text_color__hover_enabled=&#8221;off&#8221; button_border_width__hover_enabled=&#8221;off&#8221; button_one_border_width__hover_enabled=&#8221;off&#8221; button_two_border_width__hover_enabled=&#8221;off&#8221; button_border_color__hover_enabled=&#8221;on&#8221; button_border_color__hover=&#8221;#1a1a1a&#8221; button_one_border_color__hover_enabled=&#8221;off&#8221; button_two_border_color__hover_enabled=&#8221;off&#8221; button_border_radius__hover_enabled=&#8221;off|desktop&#8221; button_border_radius__hover=&#8221;0px&#8221; button_one_border_radius__hover_enabled=&#8221;off&#8221; button_two_border_radius__hover_enabled=&#8221;off&#8221; button_letter_spacing__hover_enabled=&#8221;on&#8221; button_letter_spacing__hover=&#8221;4px&#8221; button_one_letter_spacing__hover_enabled=&#8221;off&#8221; button_two_letter_spacing__hover_enabled=&#8221;off&#8221; button_bg_color__hover_enabled=&#8221;off|desktop&#8221; button_bg_color__hover=&#8221;rgba(0,0,0,0)&#8221; button_one_bg_color__hover_enabled=&#8221;off&#8221; button_two_bg_color__hover_enabled=&#8221;off&#8221;][\/et_pb_button][\/et_pb_column][\/et_pb_row][\/et_pb_section]<\/p>\n","protected":false},"excerpt":{"rendered":"<p>Cusco 6D \u2013 5N6 Dias 5 Noches, Alojamiento, Desayuno, Traslados, Vuelos, Ingresos, Y mas.Dia 1 &#8211; LLEGADA A CUSCODe acuerdo al horario de llegada de su vuelo a la Ciudad del Cusco, nos estar\u00e1 esperando un agente con un cartel y el nombre del grupo en las puertas de salida para acompa\u00f1arnos hasta nuestro alojamiento [&hellip;]<\/p>\n","protected":false},"author":1,"featured_media":0,"parent":397,"menu_order":0,"comment_status":"closed","ping_status":"closed","template":"","meta":{"_et_pb_use_builder":"on","_et_pb_old_content":"","_et_gb_content_width":"","footnotes":""},"class_list":["post-414","page","type-page","status-publish","hentry"],"_links":{"self":[{"href":"https:\/\/travelexperienceperu.com\/index.php\/wp-json\/wp\/v2\/pages\/414","targetHints":{"allow":["GET"]}}],"collection":[{"href":"https:\/\/travelexperienceperu.com\/index.php\/wp-json\/wp\/v2\/pages"}],"about":[{"href":"https:\/\/travelexperienceperu.com\/index.php\/wp-json\/wp\/v2\/types\/page"}],"author":[{"embeddable":true,"href":"https:\/\/travelexperienceperu.com\/index.php\/wp-json\/wp\/v2\/users\/1"}],"replies":[{"embeddable":true,"href":"https:\/\/travelexperienceperu.com\/index.php\/wp-json\/wp\/v2\/comments?post=414"}],"version-history":[{"count":18,"href":"https:\/\/travelexperienceperu.com\/index.php\/wp-json\/wp\/v2\/pages\/414\/revisions"}],"predecessor-version":[{"id":1808,"href":"https:\/\/travelexperienceperu.com\/index.php\/wp-json\/wp\/v2\/pages\/414\/revisions\/1808"}],"up":[{"embeddable":true,"href":"https:\/\/travelexperienceperu.com\/index.php\/wp-json\/wp\/v2\/pages\/397"}],"wp:attachment":[{"href":"https:\/\/travelexperienceperu.com\/index.php\/wp-json\/wp\/v2\/media?parent=414"}],"curies":[{"name":"wp","href":"https:\/\/api.w.org\/{rel}","templated":true}]}}