{"id":350,"date":"2025-05-08T00:50:00","date_gmt":"2025-05-08T00:50:00","guid":{"rendered":"https:\/\/travelexperienceperu.com\/?page_id=350"},"modified":"2025-12-10T03:10:34","modified_gmt":"2025-12-10T03:10:34","slug":"cusco-puno","status":"publish","type":"page","link":"https:\/\/travelexperienceperu.com\/index.php\/explora-cusco\/cusco-puno\/","title":{"rendered":"Cusco Puno"},"content":{"rendered":"<p>[et_pb_section fb_built=&#8221;1&#8243; _builder_version=&#8221;4.27.5&#8243; _module_preset=&#8221;default&#8221; background_image=&#8221;https:\/\/travelexperienceperu.com\/wp-content\/uploads\/2025\/12\/Plaza-principal-Cusco.jpg&#8221; background_position=&#8221;top_center&#8221; background_vertical_offset=&#8221;18%&#8221; custom_margin=&#8221;||||false|false&#8221; custom_padding=&#8221;||||false|false&#8221; da_disable_devices=&#8221;off|off|off&#8221; box_shadow_style=&#8221;preset1&#8243; global_colors_info=&#8221;{}&#8221; da_is_popup=&#8221;off&#8221; da_exit_intent=&#8221;off&#8221; da_has_close=&#8221;on&#8221; da_alt_close=&#8221;off&#8221; da_dark_close=&#8221;off&#8221; da_not_modal=&#8221;on&#8221; da_is_singular=&#8221;off&#8221; da_with_loader=&#8221;off&#8221; da_has_shadow=&#8221;on&#8221;][et_pb_row _builder_version=&#8221;4.27.4&#8243; _module_preset=&#8221;default&#8221; background_enable_color=&#8221;off&#8221; background_enable_image=&#8221;off&#8221; filter_contrast=&#8221;77%&#8221; border_radii=&#8221;on|12px|12px|12px|12px&#8221; global_colors_info=&#8221;{}&#8221;][et_pb_column type=&#8221;4_4&#8243; _builder_version=&#8221;4.27.4&#8243; _module_preset=&#8221;default&#8221; global_colors_info=&#8221;{}&#8221;][et_pb_text _builder_version=&#8221;4.27.4&#8243; _module_preset=&#8221;default&#8221; text_text_color=&#8221;#FFFF72&#8243; header_text_color=&#8221;#FFFF72&#8243; header_2_text_color=&#8221;#FFFF72&#8243; animation_style=&#8221;slide&#8221; header_2_text_shadow_style=&#8221;preset2&#8243; global_colors_info=&#8221;{}&#8221;]<\/p>\n<h2 style=\"text-align: center;\">Cusco Puno<\/h2>\n<p>[\/et_pb_text][et_pb_text _builder_version=&#8221;4.27.5&#8243; _module_preset=&#8221;default&#8221; text_text_color=&#8221;#B83A01&#8243; header_text_color=&#8221;#DA6509&#8243; header_3_text_color=&#8221;#FFFF72&#8243; custom_padding=&#8221;||0px|||&#8221; global_colors_info=&#8221;{}&#8221;]<\/p>\n<h3 style=\"text-align: center;\">9 Dias 8 Noches, Alojamiento, Desayuno, Traslados, Trenes, Ingresos, Y mas.<\/h3>\n<p>[\/et_pb_text][\/et_pb_column][\/et_pb_row][\/et_pb_section][et_pb_section fb_built=&#8221;1&#8243; _builder_version=&#8221;4.27.4&#8243; _module_preset=&#8221;default&#8221; background_color=&#8221;#2a2632&#8243; da_disable_devices=&#8221;off|off|off&#8221; global_colors_info=&#8221;{}&#8221; da_is_popup=&#8221;off&#8221; da_exit_intent=&#8221;off&#8221; da_has_close=&#8221;on&#8221; da_alt_close=&#8221;off&#8221; da_dark_close=&#8221;off&#8221; da_not_modal=&#8221;on&#8221; da_is_singular=&#8221;off&#8221; da_with_loader=&#8221;off&#8221; da_has_shadow=&#8221;on&#8221;][et_pb_row column_structure=&#8221;1_2,1_2&#8243; use_custom_gutter=&#8221;on&#8221; gutter_width=&#8221;2&#8243; make_equal=&#8221;on&#8221; _builder_version=&#8221;4.27.4&#8243; _module_preset=&#8221;default&#8221; width=&#8221;100%&#8221; global_colors_info=&#8221;{}&#8221;][et_pb_column type=&#8221;1_2&#8243; _builder_version=&#8221;4.27.4&#8243; _module_preset=&#8221;default&#8221; global_colors_info=&#8221;{}&#8221;][et_pb_text _builder_version=&#8221;4.27.4&#8243; _module_preset=&#8221;default&#8221; text_orientation=&#8221;center&#8221; background_layout=&#8221;dark&#8221; animation_style=&#8221;flip&#8221; locked=&#8221;off&#8221; global_colors_info=&#8221;{}&#8221;]<\/p>\n<h3>Dia 1 &#8211; BIENVENIDA A CUSCO<\/h3>\n<p>[\/et_pb_text][et_pb_text _builder_version=&#8221;4.27.5&#8243; _module_preset=&#8221;default&#8221; text_orientation=&#8221;center&#8221; background_layout=&#8221;dark&#8221; animation_style=&#8221;flip&#8221; hover_enabled=&#8221;0&#8243; locked=&#8221;off&#8221; global_colors_info=&#8221;{}&#8221; sticky_enabled=&#8221;0&#8243;]<\/p>\n<h4 style=\"text-align: justify;\">De acuerdo al horario de llegada de su vuelo a la Ciudad del Cusco, nos estar\u00e1 esperando un agente con un cartel y el nombre del grupo en las puertas de salida para acompa\u00f1arnos hasta nuestro alojamiento reservado, recibiremos una retroalimentaci\u00f3n de nuestro itinerario y las mejores recomendaciones para los d\u00edas de estad\u00eda en Cusco.<\/h4>\n<p>[\/et_pb_text][et_pb_image src=&#8221;https:\/\/travelexperienceperu.com\/wp-content\/uploads\/2025\/05\/12-1.png&#8221; title_text=&#8221;12&#8243; align=&#8221;center&#8221; _builder_version=&#8221;4.27.4&#8243; _module_preset=&#8221;default&#8221; animation_style=&#8221;fade&#8221; border_radii=&#8221;on|12px|12px|12px|12px&#8221; box_shadow_style=&#8221;preset1&#8243; locked=&#8221;off&#8221; global_colors_info=&#8221;{}&#8221;][\/et_pb_image][\/et_pb_column][et_pb_column type=&#8221;1_2&#8243; _builder_version=&#8221;4.27.4&#8243; _module_preset=&#8221;default&#8221; global_colors_info=&#8221;{}&#8221;][et_pb_text _builder_version=&#8221;4.27.4&#8243; _module_preset=&#8221;default&#8221; text_orientation=&#8221;center&#8221; background_layout=&#8221;dark&#8221; animation_style=&#8221;flip&#8221; locked=&#8221;off&#8221; global_colors_info=&#8221;{}&#8221;]<\/p>\n<h3>Dia 2 &#8211; VALLE SAGRADO CONEXION<\/h3>\n<p>[\/et_pb_text][et_pb_text _builder_version=&#8221;4.27.4&#8243; _module_preset=&#8221;default&#8221; text_orientation=&#8221;center&#8221; background_layout=&#8221;dark&#8221; animation_style=&#8221;flip&#8221; locked=&#8221;off&#8221; global_colors_info=&#8221;{}&#8221;]<\/p>\n<h4 style=\"text-align: justify;\">Este majestuoso tour empezar\u00e1 a las 7:30 am aproximadamente con el recojo de su alojamiento, donde tendremos la oportunidad de observar diferentes microclimas, nuestro primer punto ser\u00e1 el mirador de Taray donde tendremos una impresionante vista del Valle Sagrado de los Incas, continuaremos a Pisaq donde visitaremos este gran complejo arqueol\u00f3gico para posteriormente descender el pueblo de Pisaq para la visita de un taller orfebre.<\/h4>\n<h4 style=\"text-align: justify;\">Continuaremos a Urubamba donde tendremos nuestro almuerzo Buffet en uno de los mejores restaurantes tur\u00edsticos de Urubamba, una vez culminado el tiempo del almuerzo continuaremos el viaje por unos 40 minutos aproximadamente hasta llegar a Ollantaytambo conocido por las ruinas de Ollantaytambo, un enorme fuerte inca con grandes terrazas de piedra sobre una ladera, tendremos un recorrido dentro del sitio arqueol\u00f3gico por un tiempo promedio de 30 a 40 minutos.<\/h4>\n<h4 style=\"text-align: justify;\">Nos dirigiremos a la estaci\u00f3n de tren para posteriormente abordar nuestro tren y partir rumbo a Aguas Calientes (Machupicchu Pueblo)<\/h4>\n<p>[\/et_pb_text][et_pb_image src=&#8221;https:\/\/travelexperienceperu.com\/wp-content\/uploads\/2025\/05\/18.png&#8221; title_text=&#8221;18&#8243; align=&#8221;center&#8221; _builder_version=&#8221;4.27.4&#8243; _module_preset=&#8221;default&#8221; width=&#8221;78%&#8221; animation_style=&#8221;fade&#8221; border_radii=&#8221;on|12px|12px|12px|12px&#8221; box_shadow_style=&#8221;preset1&#8243; locked=&#8221;off&#8221; global_colors_info=&#8221;{}&#8221;][\/et_pb_image][\/et_pb_column][\/et_pb_row][et_pb_row column_structure=&#8221;1_2,1_2&#8243; _builder_version=&#8221;4.27.5&#8243; _module_preset=&#8221;default&#8221; positioning=&#8221;none&#8221; width=&#8221;100%&#8221; global_colors_info=&#8221;{}&#8221;][et_pb_column type=&#8221;1_2&#8243; _builder_version=&#8221;4.27.5&#8243; _module_preset=&#8221;default&#8221; global_colors_info=&#8221;{}&#8221; custom_css_main_element_last_edited=&#8221;on|tablet&#8221; custom_css_main_element_tablet=&#8221;top: 1px;&#8221; custom_css_main_element_phone=&#8221;top: 1px;&#8221;][et_pb_text _builder_version=&#8221;4.27.4&#8243; _module_preset=&#8221;default&#8221; text_orientation=&#8221;center&#8221; background_layout=&#8221;dark&#8221; animation_style=&#8221;flip&#8221; locked=&#8221;off&#8221; global_colors_info=&#8221;{}&#8221;]<\/p>\n<h3>Dia 3 &#8211; MACHUPPICHU<\/h3>\n<p>[\/et_pb_text][et_pb_text _builder_version=&#8221;4.27.4&#8243; _module_preset=&#8221;default&#8221; text_orientation=&#8221;center&#8221; background_layout=&#8221;dark&#8221; animation_style=&#8221;flip&#8221; locked=&#8221;off&#8221; global_colors_info=&#8221;{}&#8221;]<\/p>\n<h4 style=\"text-align: justify;\">Nuestro gu\u00eda le estar\u00e1 esperando a la hora y en el lugar de encuentro (esto ser\u00e1 coordinado una noche antes).<\/h4>\n<h4 style=\"text-align: justify;\">Nos dirigiremos a la estaci\u00f3n de buses Conssetur el cual nos transportar\u00e1 de Aguas Calientes hasta la Ciudadela de Machupicchu, presentaremos el ticket de ingresos y los documentos de identificaci\u00f3n para poder ingresar a la Llaqta de Machupicchu, tendr\u00e1 un recorrido de 2 horas a 2:30 min. como m\u00e1ximo para poder recorrer dentro del atractivo y aprovechar las mejores tomas fotogr\u00e1ficas.<\/h4>\n<h4 style=\"text-align: justify;\">Tomaremos el bus de retorno hacia Machupicchu Pueblo, para aprovechar el tiempo en poder almorzar y conocer el pueblo. Nos dirigiremos a la estaci\u00f3n de tren para posteriormente abordar y retornar hasta Ollantaytambo.<\/h4>\n<h4 style=\"text-align: justify;\">Nuestra movilidad estar\u00e1 esper\u00e1ndonos en Ollantaytambo para retornarnos hasta la ciudad del Cusco.<\/h4>\n<p>[\/et_pb_text][et_pb_image src=&#8221;https:\/\/travelexperienceperu.com\/wp-content\/uploads\/2025\/12\/Machupicchu-Viaje.jpg&#8221; title_text=&#8221;Machupicchu Viaje&#8221; show_bottom_space=&#8221;off&#8221; align=&#8221;center&#8221; _builder_version=&#8221;4.27.5&#8243; _module_preset=&#8221;default&#8221; width=&#8221;55%&#8221; animation_style=&#8221;fade&#8221; hover_enabled=&#8221;0&#8243; border_radii=&#8221;on|12px|12px|12px|12px&#8221; box_shadow_style=&#8221;preset1&#8243; locked=&#8221;off&#8221; global_colors_info=&#8221;{}&#8221; sticky_enabled=&#8221;0&#8243;][\/et_pb_image][\/et_pb_column][et_pb_column type=&#8221;1_2&#8243; _builder_version=&#8221;4.27.5&#8243; _module_preset=&#8221;default&#8221; custom_padding=&#8221;||||false|false&#8221; global_colors_info=&#8221;{}&#8221;][et_pb_text _builder_version=&#8221;4.27.4&#8243; _module_preset=&#8221;default&#8221; text_orientation=&#8221;center&#8221; background_layout=&#8221;dark&#8221; animation_style=&#8221;flip&#8221; locked=&#8221;off&#8221; global_colors_info=&#8221;{}&#8221;]<\/p>\n<h3>Dia 4 &#8211; RUTA DEL SOL<\/h3>\n<p>[\/et_pb_text][et_pb_text _builder_version=&#8221;4.27.4&#8243; _module_preset=&#8221;default&#8221; text_orientation=&#8221;center&#8221; background_layout=&#8221;dark&#8221; animation_style=&#8221;flip&#8221; locked=&#8221;off&#8221; global_colors_info=&#8221;{}&#8221;]<\/p>\n<h4 style=\"text-align: justify;\">Iniciamos con el recojo desde el hotel para dirigirnos a la estaci\u00f3n de buses que parten con direcci\u00f3n a la Ciudad de Puno.<\/h4>\n<h4 style=\"text-align: justify;\">disfrutaremos de este trayecto realizando parada en distintos atractivos tur\u00edsticos tales como: La capilla Sixtina de Am\u00e9rica Andahuaylillas, el Complejo Arqueol\u00f3gico de Raqchi, la Raya y el Museo L\u00edtico de Pukar\u00e1.<\/h4>\n<h4 style=\"text-align: justify;\">En el trayecto tendremos una parada para disfrutar de un almuerzo y por la tarde estaremos llegando a la Ciudad de Puno.<\/h4>\n<p>[\/et_pb_text][et_pb_image src=&#8221;https:\/\/travelexperienceperu.com\/wp-content\/uploads\/2025\/05\/34-1.png&#8221; title_text=&#8221;34&#8243; _builder_version=&#8221;4.27.4&#8243; _module_preset=&#8221;default&#8221; animation_style=&#8221;fade&#8221; border_radii=&#8221;on|12px|12px|12px|12px&#8221; box_shadow_style=&#8221;preset1&#8243; locked=&#8221;off&#8221; global_colors_info=&#8221;{}&#8221;][\/et_pb_image][\/et_pb_column][\/et_pb_row][et_pb_row column_structure=&#8221;1_2,1_2&#8243; _builder_version=&#8221;4.27.5&#8243; _module_preset=&#8221;default&#8221; width=&#8221;100%&#8221; global_colors_info=&#8221;{}&#8221; custom_css_main_element_last_edited=&#8221;on|tablet&#8221; custom_css_main_element_tablet=&#8221;top: 1px;&#8221; custom_css_main_element_phone=&#8221;top: 1px;&#8221;][et_pb_column type=&#8221;1_2&#8243; _builder_version=&#8221;4.27.4&#8243; _module_preset=&#8221;default&#8221; global_colors_info=&#8221;{}&#8221;][et_pb_text _builder_version=&#8221;4.27.4&#8243; _module_preset=&#8221;default&#8221; text_orientation=&#8221;center&#8221; background_layout=&#8221;dark&#8221; animation_style=&#8221;flip&#8221; locked=&#8221;off&#8221; global_colors_info=&#8221;{}&#8221;]<\/p>\n<h3>Dia 5 &#8211; MUROS AMANTANI<\/h3>\n<p>[\/et_pb_text][et_pb_text _builder_version=&#8221;4.27.4&#8243; _module_preset=&#8221;default&#8221; text_orientation=&#8221;center&#8221; background_layout=&#8221;dark&#8221; animation_style=&#8221;flip&#8221; locked=&#8221;off&#8221; global_colors_info=&#8221;{}&#8221;]<\/p>\n<h4 style=\"text-align: justify;\">Pasamos por su alojamiento para dirigirnos hacia el puerto de Puno para posteriormente embarcarnos en lanchas motorizadas viajamos durante 40 min. aproximadamente hasta llegar a la primera isla.<\/h4>\n<h4 style=\"text-align: justify;\">Uros, donde seremos recibidos por los habitantes de la Isla, nos explicaran su modo de Vivir, la manera como realizan sus viviendas, costumbres y tradiciones. les ofrecer\u00e1 un paseo en un bote artesanal lo cual es opcional tomarlo. una vez compartido experiencias con los habitantes continuamos nuestro viaja por 3 Horas aproximadamente hasta llegar a otra isla.<\/h4>\n<h4 style=\"text-align: justify;\">Llegando a la Isla Amantani nuestro anfitri\u00f3n ser\u00e1 una persona de la isla el cual nos brindara alimentaci\u00f3n y alojamiento en su vivienda, nos dar\u00e1n la bienvenida a su hogar y ser parte de ella tendremos un Almuerzo t\u00edpico de la zona y un breve descanso.<\/h4>\n<h4 style=\"text-align: justify;\">Tendremos una caminata de aproximadamente 1 hora hacia las deidades de la isla que es el Pachatata y pachamama se realizara un peque\u00f1o ritual de la coca asi mismo puedes aprovechar tomarte fotografias con vista hacia el lago.<\/h4>\n<h4 style=\"text-align: justify;\">Retornaremos hacia la plaza de amantani donde nos estar\u00e1 esperando nuestro anfitri\u00f3n para llevarnos al local comunal y ser parte de una noche cultural, finalmente retornamos a la vivienda para poder pasar la noche .<\/h4>\n<p>[\/et_pb_text][et_pb_image src=&#8221;https:\/\/travelexperienceperu.com\/wp-content\/uploads\/2025\/05\/40-1.png&#8221; title_text=&#8221;40&#8243; _builder_version=&#8221;4.27.5&#8243; _module_preset=&#8221;default&#8221; animation_style=&#8221;fade&#8221; hover_enabled=&#8221;0&#8243; border_radii=&#8221;on|12px|12px|12px|12px&#8221; box_shadow_style=&#8221;preset1&#8243; locked=&#8221;off&#8221; global_colors_info=&#8221;{}&#8221; width=&#8221;70%&#8221; module_alignment=&#8221;center&#8221; sticky_enabled=&#8221;0&#8243;][\/et_pb_image][\/et_pb_column][et_pb_column type=&#8221;1_2&#8243; _builder_version=&#8221;4.27.4&#8243; _module_preset=&#8221;default&#8221; global_colors_info=&#8221;{}&#8221; custom_css_main_element_last_edited=&#8221;on|phone&#8221; custom_css_main_element_tablet=&#8221;top: 1px;&#8221; custom_css_main_element_phone=&#8221;top: 1px;&#8221;][et_pb_text _builder_version=&#8221;4.27.4&#8243; _module_preset=&#8221;default&#8221; text_orientation=&#8221;center&#8221; background_layout=&#8221;dark&#8221; animation_style=&#8221;flip&#8221; locked=&#8221;off&#8221; global_colors_info=&#8221;{}&#8221;]<\/p>\n<h3>Dia 6 &#8211; TAQUILE<\/h3>\n<p>[\/et_pb_text][et_pb_text _builder_version=&#8221;4.27.4&#8243; _module_preset=&#8221;default&#8221; text_orientation=&#8221;center&#8221; background_layout=&#8221;dark&#8221; animation_style=&#8221;flip&#8221; locked=&#8221;off&#8221; global_colors_info=&#8221;{}&#8221;]<\/p>\n<h4 style=\"text-align: justify;\">Iniciamos con el recojo desde el hotel para dirigirnos a la estaci\u00f3n de buses que parten con direcci\u00f3n a la Ciudad de Puno.<\/h4>\n<h4 style=\"text-align: justify;\">disfrutaremos de este trayecto realizando parada en distintos atractivos tur\u00edsticos tales como: La capilla Sixtina de Am\u00e9rica Andahuaylillas, el Complejo Arqueol\u00f3gico de Raqchi, la Raya y el Museo L\u00edtico de Pukar\u00e1.<\/h4>\n<h4 style=\"text-align: justify;\">En el trayecto tendremos una parada para disfrutar de un almuerzo y por la tarde estaremos llegando a la Ciudad de Puno.<\/h4>\n<p>[\/et_pb_text][et_pb_image src=&#8221;https:\/\/travelexperienceperu.com\/wp-content\/uploads\/2025\/05\/48.png&#8221; title_text=&#8221;48&#8243; _builder_version=&#8221;4.27.4&#8243; _module_preset=&#8221;default&#8221; animation_style=&#8221;fade&#8221; border_radii=&#8221;on|12px|12px|12px|12px&#8221; box_shadow_style=&#8221;preset1&#8243; locked=&#8221;off&#8221; global_colors_info=&#8221;{}&#8221;][\/et_pb_image][\/et_pb_column][\/et_pb_row][et_pb_row column_structure=&#8221;1_2,1_2&#8243; _builder_version=&#8221;4.27.5&#8243; _module_preset=&#8221;default&#8221; width=&#8221;100%&#8221; global_colors_info=&#8221;{}&#8221; custom_css_main_element_last_edited=&#8221;on|tablet&#8221; custom_css_main_element_tablet=&#8221;top: 1px;&#8221; custom_css_main_element_phone=&#8221;top: 1px;&#8221;][et_pb_column type=&#8221;1_2&#8243; _builder_version=&#8221;4.27.5&#8243; _module_preset=&#8221;default&#8221; global_colors_info=&#8221;{}&#8221;][et_pb_text _builder_version=&#8221;4.27.4&#8243; _module_preset=&#8221;default&#8221; text_orientation=&#8221;center&#8221; background_layout=&#8221;dark&#8221; animation_style=&#8221;flip&#8221; locked=&#8221;off&#8221; global_colors_info=&#8221;{}&#8221;]<\/p>\n<h3>Dia 7 &#8211; DIA LIBRE CUSCO<\/h3>\n<p>[\/et_pb_text][et_pb_text _builder_version=&#8221;4.27.4&#8243; _module_preset=&#8221;default&#8221; text_orientation=&#8221;center&#8221; background_layout=&#8221;dark&#8221; animation_style=&#8221;flip&#8221; locked=&#8221;off&#8221; global_colors_info=&#8221;{}&#8221;]<\/p>\n<h4 style=\"text-align: justify;\">Tendr\u00e1n el Dia Libre para poder descansar del viaje y por la tarde hacer los \u00faltimos recorridos por cuenta propia de calles muy reconocidas, miradores tur\u00edsticos, museos, plazas y restaurantes, adem\u00e1s podr\u00e1n hacer las \u00faltimas compras de souvenirs. Pernocte en Cusco.<\/h4>\n<p>[\/et_pb_text][et_pb_image src=&#8221;https:\/\/travelexperienceperu.com\/wp-content\/uploads\/2025\/05\/54.png&#8221; title_text=&#8221;54&#8243; _builder_version=&#8221;4.27.4&#8243; _module_preset=&#8221;default&#8221; animation_style=&#8221;fade&#8221; border_radii=&#8221;on|12px|12px|12px|12px&#8221; box_shadow_style=&#8221;preset1&#8243; locked=&#8221;off&#8221; global_colors_info=&#8221;{}&#8221;][\/et_pb_image][\/et_pb_column][et_pb_column type=&#8221;1_2&#8243; _builder_version=&#8221;4.27.5&#8243; _module_preset=&#8221;default&#8221; global_colors_info=&#8221;{}&#8221; custom_css_main_element_last_edited=&#8221;on|tablet&#8221; custom_css_main_element_tablet=&#8221;top: 1px;&#8221; custom_css_main_element_phone=&#8221;top: 1px;&#8221;][et_pb_text _builder_version=&#8221;4.27.4&#8243; _module_preset=&#8221;default&#8221; text_orientation=&#8221;center&#8221; background_layout=&#8221;dark&#8221; animation_style=&#8221;flip&#8221; locked=&#8221;off&#8221; global_colors_info=&#8221;{}&#8221;]<\/p>\n<h3>Dia 8 &#8211; MONTA\u00d1A DE COLORES<\/h3>\n<p>[\/et_pb_text][et_pb_text _builder_version=&#8221;4.27.4&#8243; _module_preset=&#8221;default&#8221; text_orientation=&#8221;center&#8221; background_layout=&#8221;dark&#8221; animation_style=&#8221;flip&#8221; locked=&#8221;off&#8221; global_colors_info=&#8221;{}&#8221;]<\/p>\n<h4 style=\"text-align: justify;\">Iniciaremos nuestro tour hacia la Monta\u00f1a de 7 Colores &#8211; Vinicunca recogi\u00e9ndote de tu hotel en Cusco entre las 04:00 a 04:30 am para luego abordo de nuestra movilidad tur\u00edstica dirigirnos hacia el sur del Cusco. Nos dirigiremos hacia el distrito de Cusipata donde tendremos nuestro desayuno buffet.<\/h4>\n<h4 style=\"text-align: justify;\">Viajaremos 1 horas m\u00e1s en el transporte hasta la localidad de Chillihuani donde empezaremos nuestra caminata, 3km de subida aguardan por nosotros lo cual lo realizaremos en 1 hora con 30 minutos aproximadamente llegando a la cumbre a 5100 m.s.n.m y poder observar la Monta\u00f1a de Colores, descenderemos por el mismo camino hasta el estacionamiento.<\/h4>\n<h4 style=\"text-align: justify;\">Retornaremos a la localidad de Cusipata para el almuerzo buffet y finalmente a la ciudad del Cusco.<\/h4>\n<p>[\/et_pb_text][et_pb_image src=&#8221;https:\/\/travelexperienceperu.com\/wp-content\/uploads\/2025\/05\/56.png&#8221; title_text=&#8221;56&#8243; _builder_version=&#8221;4.27.5&#8243; _module_preset=&#8221;default&#8221; animation_style=&#8221;fade&#8221; hover_enabled=&#8221;0&#8243; border_radii=&#8221;on|12px|12px|12px|12px&#8221; box_shadow_style=&#8221;preset1&#8243; locked=&#8221;off&#8221; global_colors_info=&#8221;{}&#8221; width=&#8221;59%&#8221; module_alignment=&#8221;center&#8221; sticky_enabled=&#8221;0&#8243;][\/et_pb_image][\/et_pb_column][\/et_pb_row][et_pb_row column_structure=&#8221;1_2,1_2&#8243; _builder_version=&#8221;4.27.5&#8243; _module_preset=&#8221;default&#8221; width=&#8221;100%&#8221; min_height=&#8221;1px&#8221; custom_padding=&#8221;||1px||false|false&#8221; global_colors_info=&#8221;{}&#8221; custom_css_main_element_last_edited=&#8221;on|desktop&#8221; custom_css_main_element_tablet=&#8221;top: 1px;&#8221; custom_css_main_element_phone=&#8221;top: 1px;&#8221;][et_pb_column type=&#8221;1_2&#8243; _builder_version=&#8221;4.27.5&#8243; _module_preset=&#8221;default&#8221; global_colors_info=&#8221;{}&#8221; custom_css_main_element_last_edited=&#8221;on|tablet&#8221; custom_css_main_element_tablet=&#8221;top: 1px;&#8221; custom_css_main_element_phone=&#8221;top: 1px;&#8221;][et_pb_text _builder_version=&#8221;4.27.4&#8243; _module_preset=&#8221;default&#8221; text_orientation=&#8221;center&#8221; background_layout=&#8221;dark&#8221; animation_style=&#8221;flip&#8221; locked=&#8221;off&#8221; global_colors_info=&#8221;{}&#8221;]<\/p>\n<h3>Dia 9 &#8211; DESPEDIDA<\/h3>\n<p>[\/et_pb_text][et_pb_text _builder_version=&#8221;4.27.4&#8243; _module_preset=&#8221;default&#8221; text_orientation=&#8221;center&#8221; background_layout=&#8221;dark&#8221; animation_style=&#8221;flip&#8221; locked=&#8221;off&#8221; global_colors_info=&#8221;{}&#8221;]<\/p>\n<h4 style=\"text-align: justify;\">De acuerdo al horario de vuelo adquirido nuestra movilidad pasara por su alojamiento para luego tomar el vuelo con direcci\u00f3n al aeropuerto de Lima.<\/h4>\n<h4 style=\"text-align: justify;\">En el Aeropuerto realizaras el check in correspondiente para el vuelo internacional y continuar tu viaje hacia su Pa\u00eds de Origen<\/h4>\n<p>[\/et_pb_text][\/et_pb_column][et_pb_column type=&#8221;1_2&#8243; _builder_version=&#8221;4.27.5&#8243; _module_preset=&#8221;default&#8221; positioning=&#8221;none&#8221; global_colors_info=&#8221;{}&#8221;][et_pb_image src=&#8221;https:\/\/travelexperienceperu.com\/wp-content\/uploads\/2025\/06\/ESPANOL-2.pdf-image-788.png&#8221; title_text=&#8221;ESPA\u00d1OL (2).pdf-image-788&#8243; show_bottom_space=&#8221;off&#8221; align=&#8221;center&#8221; _builder_version=&#8221;4.27.4&#8243; _module_preset=&#8221;default&#8221; width=&#8221;40%&#8221; animation_style=&#8221;fade&#8221; border_radii=&#8221;on|12px|12px|12px|12px&#8221; box_shadow_style=&#8221;preset1&#8243; locked=&#8221;off&#8221; global_colors_info=&#8221;{}&#8221;][\/et_pb_image][et_pb_text _builder_version=&#8221;4.27.4&#8243; _module_preset=&#8221;default&#8221; text_text_color=&#8221;#B83A01&#8243; header_text_align=&#8221;left&#8221; header_text_color=&#8221;#B83A01&#8243; header_3_text_color=&#8221;#f42602&#8243; custom_padding=&#8221;||0px|||&#8221; header_2_text_shadow_style=&#8221;preset2&#8243; header_3_text_shadow_style=&#8221;preset2&#8243; locked=&#8221;off&#8221; global_colors_info=&#8221;{}&#8221;]<\/p>\n<h3 style=\"text-align: right;\">Tarifa por Persona:<\/h3>\n<h3 style=\"text-align: right;\"><span style=\"color: #ff0000;\">$900<\/span><\/h3>\n<p>[\/et_pb_text][\/et_pb_column][\/et_pb_row][\/et_pb_section]<\/p>\n","protected":false},"excerpt":{"rendered":"<p>Cusco Puno9 Dias 8 Noches, Alojamiento, Desayuno, Traslados, Trenes, Ingresos, Y mas.Dia 1 &#8211; BIENVENIDA A CUSCODe acuerdo al horario de llegada de su vuelo a la Ciudad del Cusco, nos estar\u00e1 esperando un agente con un cartel y el nombre del grupo en las puertas de salida para acompa\u00f1arnos hasta nuestro alojamiento reservado, recibiremos [&hellip;]<\/p>\n","protected":false},"author":1,"featured_media":0,"parent":397,"menu_order":0,"comment_status":"closed","ping_status":"closed","template":"","meta":{"_et_pb_use_builder":"on","_et_pb_old_content":"","_et_gb_content_width":"","footnotes":""},"class_list":["post-350","page","type-page","status-publish","hentry"],"_links":{"self":[{"href":"https:\/\/travelexperienceperu.com\/index.php\/wp-json\/wp\/v2\/pages\/350","targetHints":{"allow":["GET"]}}],"collection":[{"href":"https:\/\/travelexperienceperu.com\/index.php\/wp-json\/wp\/v2\/pages"}],"about":[{"href":"https:\/\/travelexperienceperu.com\/index.php\/wp-json\/wp\/v2\/types\/page"}],"author":[{"embeddable":true,"href":"https:\/\/travelexperienceperu.com\/index.php\/wp-json\/wp\/v2\/users\/1"}],"replies":[{"embeddable":true,"href":"https:\/\/travelexperienceperu.com\/index.php\/wp-json\/wp\/v2\/comments?post=350"}],"version-history":[{"count":44,"href":"https:\/\/travelexperienceperu.com\/index.php\/wp-json\/wp\/v2\/pages\/350\/revisions"}],"predecessor-version":[{"id":1935,"href":"https:\/\/travelexperienceperu.com\/index.php\/wp-json\/wp\/v2\/pages\/350\/revisions\/1935"}],"up":[{"embeddable":true,"href":"https:\/\/travelexperienceperu.com\/index.php\/wp-json\/wp\/v2\/pages\/397"}],"wp:attachment":[{"href":"https:\/\/travelexperienceperu.com\/index.php\/wp-json\/wp\/v2\/media?parent=350"}],"curies":[{"name":"wp","href":"https:\/\/api.w.org\/{rel}","templated":true}]}}