{"id":321,"date":"2025-05-04T23:45:43","date_gmt":"2025-05-04T23:45:43","guid":{"rendered":"https:\/\/travelexperienceperu.com\/?page_id=321"},"modified":"2025-12-10T03:07:22","modified_gmt":"2025-12-10T03:07:22","slug":"puerto-maldonado","status":"publish","type":"page","link":"https:\/\/travelexperienceperu.com\/index.php\/explora-cusco\/puerto-maldonado\/","title":{"rendered":"Puerto Maldonado"},"content":{"rendered":"<p>[et_pb_section fb_built=&#8221;1&#8243; _builder_version=&#8221;4.27.5&#8243; _module_preset=&#8221;default&#8221; background_image=&#8221;https:\/\/travelexperienceperu.com\/wp-content\/uploads\/2025\/12\/Puerto-maldonado.jpg&#8221; hover_enabled=&#8221;0&#8243; da_disable_devices=&#8221;off|off|off&#8221; box_shadow_style=&#8221;preset1&#8243; global_colors_info=&#8221;{}&#8221; title_text=&#8221;Puerto maldonado&#8221; background_position=&#8221;top_center&#8221; background_vertical_offset=&#8221;67%&#8221; sticky_enabled=&#8221;0&#8243; da_is_popup=&#8221;off&#8221; da_exit_intent=&#8221;off&#8221; da_has_close=&#8221;on&#8221; da_alt_close=&#8221;off&#8221; da_dark_close=&#8221;off&#8221; da_not_modal=&#8221;on&#8221; da_is_singular=&#8221;off&#8221; da_with_loader=&#8221;off&#8221; da_has_shadow=&#8221;on&#8221;][et_pb_row _builder_version=&#8221;4.27.4&#8243; _module_preset=&#8221;default&#8221; background_enable_color=&#8221;off&#8221; background_enable_image=&#8221;off&#8221; filter_contrast=&#8221;77%&#8221; border_radii=&#8221;on|12px|12px|12px|12px&#8221; global_colors_info=&#8221;{}&#8221;][et_pb_column type=&#8221;4_4&#8243; _builder_version=&#8221;4.27.4&#8243; _module_preset=&#8221;default&#8221; global_colors_info=&#8221;{}&#8221;][et_pb_text _builder_version=&#8221;4.27.5&#8243; _module_preset=&#8221;default&#8221; header_text_color=&#8221;#B83A01&#8243; header_2_text_color=&#8221;#FFFF72&#8243; animation_style=&#8221;slide&#8221; hover_enabled=&#8221;0&#8243; header_text_shadow_style=&#8221;preset2&#8243; header_2_text_shadow_style=&#8221;preset2&#8243; global_colors_info=&#8221;{}&#8221; sticky_enabled=&#8221;0&#8243;]<\/p>\n<h2 style=\"text-align: center;\">Puerto Maldonado<\/h2>\n<p>[\/et_pb_text][et_pb_text _builder_version=&#8221;4.27.5&#8243; _module_preset=&#8221;default&#8221; text_text_color=&#8221;#B83A01&#8243; header_text_color=&#8221;#B83A01&#8243; header_3_text_color=&#8221;#FFFF72&#8243; custom_padding=&#8221;||0px|||&#8221; hover_enabled=&#8221;0&#8243; header_text_shadow_style=&#8221;preset2&#8243; global_colors_info=&#8221;{}&#8221; sticky_enabled=&#8221;0&#8243;]<\/p>\n<h3 style=\"text-align: center;\">3 Dias 2 Noches, Alojamiento, Desayuno, Traslados, Trenes, Ingresos, Y mas.<\/h3>\n<p>[\/et_pb_text][\/et_pb_column][\/et_pb_row][\/et_pb_section][et_pb_section fb_built=&#8221;1&#8243; _builder_version=&#8221;4.27.4&#8243; _module_preset=&#8221;default&#8221; background_color=&#8221;#2a2632&#8243; da_disable_devices=&#8221;off|off|off&#8221; global_colors_info=&#8221;{}&#8221; da_is_popup=&#8221;off&#8221; da_exit_intent=&#8221;off&#8221; da_has_close=&#8221;on&#8221; da_alt_close=&#8221;off&#8221; da_dark_close=&#8221;off&#8221; da_not_modal=&#8221;on&#8221; da_is_singular=&#8221;off&#8221; da_with_loader=&#8221;off&#8221; da_has_shadow=&#8221;on&#8221;][et_pb_row column_structure=&#8221;1_2,1_2&#8243; use_custom_gutter=&#8221;on&#8221; gutter_width=&#8221;2&#8243; make_equal=&#8221;on&#8221; _builder_version=&#8221;4.27.4&#8243; _module_preset=&#8221;default&#8221; width=&#8221;100%&#8221; custom_padding=&#8221;||0px|||&#8221; global_colors_info=&#8221;{}&#8221;][et_pb_column type=&#8221;1_2&#8243; _builder_version=&#8221;4.27.4&#8243; _module_preset=&#8221;default&#8221; global_colors_info=&#8221;{}&#8221;][et_pb_text _builder_version=&#8221;4.27.5&#8243; _module_preset=&#8221;default&#8221; header_3_text_align=&#8221;center&#8221; background_layout=&#8221;dark&#8221; animation_style=&#8221;flip&#8221; hover_enabled=&#8221;0&#8243; header_3_text_shadow_style=&#8221;preset2&#8243; global_colors_info=&#8221;{}&#8221; sticky_enabled=&#8221;0&#8243;]<\/p>\n<h3>Dia 1 &#8211; ISLA DE LOS MONOS<\/h3>\n<p>[\/et_pb_text][et_pb_text _builder_version=&#8221;4.27.4&#8243; _module_preset=&#8221;default&#8221; header_3_text_align=&#8221;center&#8221; background_layout=&#8221;dark&#8221; animation_style=&#8221;flip&#8221; header_3_text_shadow_style=&#8221;preset2&#8243; global_colors_info=&#8221;{}&#8221;]<\/p>\n<h4 style=\"text-align: justify;\">Iniciamos con el recojo en el aeropuerto o en el terminal terrestre y traslado a la oficina de Monte Amaz\u00f3nico Lodge para los registros correspondientes.<\/h4>\n<h4 style=\"text-align: justify;\">Traslado al puerto capitan\u00eda donde tomaremos la embarcaci\u00f3n por una hora, hasta nuestro albergue &#8211; Reuni\u00f3n de bienvenida, con un refrescante jugo a base de frutas de nuestra regi\u00f3n. Instalaci\u00f3n en nuestras respectivas habitaciones.<\/h4>\n<h4 style=\"text-align: justify;\">Despu\u00e9s del almuerzo, visitaremos la\u201d isla de los monos\u201d, localizada frente a nuestro Lodge cruzando el R\u00edo Madre de Dios en donde hallaremos diferentes especies como la familia de monos capuchinos que viven en la isla y retorno al Lodge.<\/h4>\n<h4 style=\"text-align: justify;\">Por la noche iremos en busca de caimanes blancos que generalmente se encuentran sobre bancos de arena, en el r\u00edo Madre de Dios para lo cual ser\u00e1 necesario llevar una linterna. Tambi\u00e9n, podremos ver el capibara el roedor m\u00e1s grande del mundo que puede llegar a pesar 60 kilos, regreso al albergue, cena y descanso.<\/h4>\n<p>[\/et_pb_text][et_pb_image src=&#8221;https:\/\/travelexperienceperu.com\/wp-content\/uploads\/2025\/05\/12-2.png&#8221; title_text=&#8221;12&#8243; _builder_version=&#8221;4.27.4&#8243; _module_preset=&#8221;default&#8221; animation_style=&#8221;fade&#8221; border_radii=&#8221;on|12px|12px|12px|12px&#8221; box_shadow_style=&#8221;preset1&#8243; global_colors_info=&#8221;{}&#8221;][\/et_pb_image][\/et_pb_column][et_pb_column type=&#8221;1_2&#8243; _builder_version=&#8221;4.27.4&#8243; _module_preset=&#8221;default&#8221; global_colors_info=&#8221;{}&#8221;][et_pb_text _builder_version=&#8221;4.27.5&#8243; _module_preset=&#8221;default&#8221; header_3_text_align=&#8221;center&#8221; background_layout=&#8221;dark&#8221; animation_style=&#8221;flip&#8221; hover_enabled=&#8221;0&#8243; header_3_text_shadow_style=&#8221;preset2&#8243; global_colors_info=&#8221;{}&#8221; sticky_enabled=&#8221;0&#8243;]<\/p>\n<h3>Dia 2 &#8211; LAGO SANDOVAL<\/h3>\n<p>[\/et_pb_text][et_pb_text _builder_version=&#8221;4.27.4&#8243; _module_preset=&#8221;default&#8221; header_3_text_align=&#8221;center&#8221; background_layout=&#8221;dark&#8221; animation_style=&#8221;flip&#8221; header_3_text_shadow_style=&#8221;preset2&#8243; global_colors_info=&#8221;{}&#8221;]<\/p>\n<h4 style=\"text-align: justify;\">Luego del desayuno caminaremos 3 Km. En medio de la densa selva tropical y nos dirigimos hacia el Lago Sandoval (habitad de pira\u00f1as).<\/h4>\n<h4 style=\"text-align: justify;\">Uno de los lagos m\u00e1s grandes de la Reserva Nacional Tambopata y pasearemos en bote a remo en donde apreciaremos gran variedad de aves y monos de diferentes especies, (shansho, cormor\u00e1n, jacanas, puma garza, gallinazos, cotomono, mono fraile, mach\u00edn negro, pichicos y perezosos). Tal vez tendremos un encuentro con la familia de nutria gigante (casi dos metros de largo) que est\u00e1 en peligro de extinci\u00f3n y los caimanes m\u00e1s grandes registrados m\u00e1s de 4 metros de largo. retorno al Lodge para disfrutar del almuerzo t\u00edpico.<\/h4>\n<h4 style=\"text-align: justify;\">Por la noche tendremos una caminata donde podremos apreciar la diversidad de especies de insectos, anfibios, reptiles y otros animales de h\u00e1bitos nocturnos. \u2013 cena y descanso<\/h4>\n<p>[\/et_pb_text][et_pb_image src=&#8221;https:\/\/travelexperienceperu.com\/wp-content\/uploads\/2025\/05\/33.png&#8221; title_text=&#8221;33&#8243; _builder_version=&#8221;4.27.4&#8243; _module_preset=&#8221;default&#8221; animation_style=&#8221;fade&#8221; border_radii=&#8221;on|12px|12px|12px|12px&#8221; box_shadow_style=&#8221;preset1&#8243; global_colors_info=&#8221;{}&#8221;][\/et_pb_image][\/et_pb_column][\/et_pb_row][et_pb_row column_structure=&#8221;1_2,1_2&#8243; use_custom_gutter=&#8221;on&#8221; gutter_width=&#8221;2&#8243; make_equal=&#8221;on&#8221; _builder_version=&#8221;4.27.4&#8243; _module_preset=&#8221;default&#8221; width=&#8221;100%&#8221; custom_padding=&#8221;||0px|||&#8221; global_colors_info=&#8221;{}&#8221;][et_pb_column type=&#8221;1_2&#8243; _builder_version=&#8221;4.27.4&#8243; _module_preset=&#8221;default&#8221; global_colors_info=&#8221;{}&#8221;][et_pb_text _builder_version=&#8221;4.27.4&#8243; _module_preset=&#8221;default&#8221; header_3_text_align=&#8221;center&#8221; background_layout=&#8221;dark&#8221; animation_style=&#8221;flip&#8221; header_3_text_shadow_style=&#8221;preset2&#8243; global_colors_info=&#8221;{}&#8221;]<\/p>\n<h3>Dia 3 &#8211; CANOPY &#8211; RETORNO<\/h3>\n<p>[\/et_pb_text][et_pb_text _builder_version=&#8221;4.27.4&#8243; _module_preset=&#8221;default&#8221; header_3_text_align=&#8221;center&#8221; background_layout=&#8221;dark&#8221; animation_style=&#8221;flip&#8221; header_3_text_shadow_style=&#8221;preset2&#8243; global_colors_info=&#8221;{}&#8221;]<\/p>\n<h4 style=\"text-align: justify;\">5.30a.m. de la ma\u00f1ana haremos una peque\u00f1a caminata por el Canopy Walk-Way, sobre los 30 metros de altura, que nos permitir\u00e1 apreciar la naturaleza desde lo m\u00e1s alto posible, tambi\u00e9n tendremos una vista panor\u00e1mica del R\u00edo Madre de Dios. Desde las plataformas observaremos diferentes especies de aves tales como tucanes, guacamayos, tangaras, orop\u00e9ndolas, ser\u00e1 una experiencia maravillosa.<\/h4>\n<h4 style=\"text-align: justify;\">Retornaremos al restaurante de nuestro lodge para disfrutar del desayuno para posteriormente ingresar a las habitaciones y empacar nuestras maletas y retornar a la Ciudad.<\/h4>\n<p>[\/et_pb_text][\/et_pb_column][et_pb_column type=&#8221;1_2&#8243; _builder_version=&#8221;4.27.4&#8243; _module_preset=&#8221;default&#8221; global_colors_info=&#8221;{}&#8221;][et_pb_image src=&#8221;https:\/\/travelexperienceperu.com\/wp-content\/uploads\/2025\/05\/37-1.png&#8221; title_text=&#8221;37&#8243; _builder_version=&#8221;4.27.4&#8243; _module_preset=&#8221;default&#8221; animation_style=&#8221;fade&#8221; border_radii=&#8221;on|12px|12px|12px|12px&#8221; box_shadow_style=&#8221;preset1&#8243; global_colors_info=&#8221;{}&#8221;][\/et_pb_image][et_pb_text _builder_version=&#8221;4.27.4&#8243; _module_preset=&#8221;default&#8221; text_text_color=&#8221;#B83A01&#8243; header_text_align=&#8221;left&#8221; header_text_color=&#8221;#B83A01&#8243; header_3_text_color=&#8221;#f42602&#8243; custom_padding=&#8221;||0px|||&#8221; header_2_text_shadow_style=&#8221;preset2&#8243; header_3_text_shadow_style=&#8221;preset2&#8243; locked=&#8221;off&#8221; global_colors_info=&#8221;{}&#8221;]<\/p>\n<h3 style=\"text-align: right;\">Tarifa por Persona:<\/h3>\n<h3 style=\"text-align: right;\"><span style=\"color: #ff0000;\">$600<\/span><\/h3>\n<p>[\/et_pb_text][\/et_pb_column][\/et_pb_row][\/et_pb_section]<\/p>\n","protected":false},"excerpt":{"rendered":"<p>Puerto Maldonado3 Dias 2 Noches, Alojamiento, Desayuno, Traslados, Trenes, Ingresos, Y mas.Dia 1 &#8211; ISLA DE LOS MONOSIniciamos con el recojo en el aeropuerto o en el terminal terrestre y traslado a la oficina de Monte Amaz\u00f3nico Lodge para los registros correspondientes. Traslado al puerto capitan\u00eda donde tomaremos la embarcaci\u00f3n por una hora, hasta nuestro [&hellip;]<\/p>\n","protected":false},"author":1,"featured_media":0,"parent":397,"menu_order":0,"comment_status":"closed","ping_status":"closed","template":"","meta":{"_et_pb_use_builder":"on","_et_pb_old_content":"","_et_gb_content_width":"","footnotes":""},"class_list":["post-321","page","type-page","status-publish","hentry"],"_links":{"self":[{"href":"https:\/\/travelexperienceperu.com\/index.php\/wp-json\/wp\/v2\/pages\/321","targetHints":{"allow":["GET"]}}],"collection":[{"href":"https:\/\/travelexperienceperu.com\/index.php\/wp-json\/wp\/v2\/pages"}],"about":[{"href":"https:\/\/travelexperienceperu.com\/index.php\/wp-json\/wp\/v2\/types\/page"}],"author":[{"embeddable":true,"href":"https:\/\/travelexperienceperu.com\/index.php\/wp-json\/wp\/v2\/users\/1"}],"replies":[{"embeddable":true,"href":"https:\/\/travelexperienceperu.com\/index.php\/wp-json\/wp\/v2\/comments?post=321"}],"version-history":[{"count":16,"href":"https:\/\/travelexperienceperu.com\/index.php\/wp-json\/wp\/v2\/pages\/321\/revisions"}],"predecessor-version":[{"id":1933,"href":"https:\/\/travelexperienceperu.com\/index.php\/wp-json\/wp\/v2\/pages\/321\/revisions\/1933"}],"up":[{"embeddable":true,"href":"https:\/\/travelexperienceperu.com\/index.php\/wp-json\/wp\/v2\/pages\/397"}],"wp:attachment":[{"href":"https:\/\/travelexperienceperu.com\/index.php\/wp-json\/wp\/v2\/media?parent=321"}],"curies":[{"name":"wp","href":"https:\/\/api.w.org\/{rel}","templated":true}]}}