{"id":260,"date":"2025-05-01T05:07:33","date_gmt":"2025-05-01T05:07:33","guid":{"rendered":"https:\/\/travelexperienceperu.com\/?page_id=260"},"modified":"2025-11-27T03:13:24","modified_gmt":"2025-11-27T03:13:24","slug":"260-2","status":"publish","type":"page","link":"https:\/\/travelexperienceperu.com\/index.php\/machu-picchu\/260-2\/","title":{"rendered":"Ruta 3-D"},"content":{"rendered":"<p>[et_pb_section fb_built=&#8221;1&#8243; module_id=&#8221;1-A&#8221; _builder_version=&#8221;4.27.4&#8243; _module_preset=&#8221;default&#8221; background_color=&#8221;#2a2632&#8243; hover_enabled=&#8221;0&#8243; da_disable_devices=&#8221;off|off|off&#8221; global_colors_info=&#8221;{}&#8221; theme_builder_area=&#8221;post_content&#8221; sticky_enabled=&#8221;0&#8243; da_is_popup=&#8221;off&#8221; da_exit_intent=&#8221;off&#8221; da_has_close=&#8221;on&#8221; da_alt_close=&#8221;off&#8221; da_dark_close=&#8221;off&#8221; da_not_modal=&#8221;on&#8221; da_is_singular=&#8221;off&#8221; da_with_loader=&#8221;off&#8221; da_has_shadow=&#8221;on&#8221;][et_pb_row _builder_version=&#8221;4.27.4&#8243; _module_preset=&#8221;default&#8221; background_color=&#8221;#B83A01&#8243; width=&#8221;55%&#8221; custom_padding=&#8221;||0px||false|false&#8221; border_radii=&#8221;on|12px|12px|12px|12px&#8221; global_colors_info=&#8221;{}&#8221; theme_builder_area=&#8221;post_content&#8221;][et_pb_column type=&#8221;4_4&#8243; _builder_version=&#8221;4.27.4&#8243; _module_preset=&#8221;default&#8221; global_colors_info=&#8221;{}&#8221; theme_builder_area=&#8221;post_content&#8221;][et_pb_post_title meta=&#8221;off&#8221; _builder_version=&#8221;4.27.4&#8243; _module_preset=&#8221;default&#8221; title_level=&#8221;h2&#8243; title_text_color=&#8221;#FFFF72&#8243; text_orientation=&#8221;center&#8221; global_colors_info=&#8221;{}&#8221; theme_builder_area=&#8221;post_content&#8221;][\/et_pb_post_title][\/et_pb_column][\/et_pb_row][et_pb_row _builder_version=&#8221;4.27.4&#8243; _module_preset=&#8221;default&#8221; global_colors_info=&#8221;{}&#8221; theme_builder_area=&#8221;post_content&#8221;][et_pb_column type=&#8221;4_4&#8243; _builder_version=&#8221;4.27.4&#8243; _module_preset=&#8221;default&#8221; global_colors_info=&#8221;{}&#8221; theme_builder_area=&#8221;post_content&#8221;][et_pb_text _builder_version=&#8221;4.27.4&#8243; _module_preset=&#8221;default&#8221; header_4_text_align=&#8221;center&#8221; text_orientation=&#8221;center&#8221; global_colors_info=&#8221;{}&#8221; theme_builder_area=&#8221;post_content&#8221; background_layout=&#8221;dark&#8221;]<\/p>\n<h4 style=\"text-align: justify;\">Machu Picchu ofrece la oportunidad de explorar las partes inferiores de la monta\u00f1a Huchuy Picchu, especialmente durante la temporada alta, brindando una experiencia \u00fanica con vistas panor\u00e1micas impresionantes. Esta caminata es perfecta para quienes buscan una aventura moderada que combine naturaleza, historia y paisajes espectaculares.<\/h4>\n<h4 style=\"text-align: justify;\">El recorrido hacia Huchuy Picchu es una experiencia completa que toma aproximadamente 1 hora y 30 minutos de ida y vuelta. A lo largo del camino, ser\u00e1s testigo de la belleza natural que rodea Machu Picchu, con vistas que te permitir\u00e1n apreciar la majestuosidad de los Andes y la conexi\u00f3n de los incas con su entorno. Aunque la caminata no es excesivamente larga, requiere un nivel moderado de condici\u00f3n f\u00edsica, ya que los escalones son empinados y demandan un esfuerzo adicional.<\/h4>\n<h4 style=\"text-align: justify;\">Huchuy Picchu es una excelente opci\u00f3n para quienes desean explorar una ruta menos concurrida y disfrutar de una perspectiva diferente de Machu Picchu. Es una experiencia que combina aventura y tranquilidad, ideal para aquellos que buscan un desaf\u00edo accesible pero gratificante. Prep\u00e1rate para descubrir un rinc\u00f3n especial de este sitio ic\u00f3nico y llevarte recuerdos inolvidables de tu visita. \u00a1La monta\u00f1a Huchuy Picchu te espera con vistas que te dejar\u00e1n sin aliento!<\/h4>\n<p>[\/et_pb_text][\/et_pb_column][\/et_pb_row][et_pb_row column_structure=&#8221;1_2,1_2&#8243; _builder_version=&#8221;4.27.4&#8243; _module_preset=&#8221;default&#8221; global_colors_info=&#8221;{}&#8221; theme_builder_area=&#8221;post_content&#8221;][et_pb_column type=&#8221;1_2&#8243; _builder_version=&#8221;4.27.4&#8243; _module_preset=&#8221;default&#8221; global_colors_info=&#8221;{}&#8221; theme_builder_area=&#8221;post_content&#8221;][et_pb_image src=&#8221;https:\/\/travelexperienceperu.com\/wp-content\/uploads\/2025\/05\/38.png&#8221; title_text=&#8221;38&#8243; _builder_version=&#8221;4.27.4&#8243; _module_preset=&#8221;default&#8221; border_radii=&#8221;on|12px|12px|12px|12px&#8221; global_colors_info=&#8221;{}&#8221; theme_builder_area=&#8221;post_content&#8221;][\/et_pb_image][\/et_pb_column][et_pb_column type=&#8221;1_2&#8243; _builder_version=&#8221;4.27.4&#8243; _module_preset=&#8221;default&#8221; global_colors_info=&#8221;{}&#8221; theme_builder_area=&#8221;post_content&#8221;][et_pb_image src=&#8221;https:\/\/travelexperienceperu.com\/wp-content\/uploads\/2025\/05\/40.png&#8221; title_text=&#8221;40&#8243; _builder_version=&#8221;4.27.4&#8243; _module_preset=&#8221;default&#8221; border_radii=&#8221;on|12px|12px|12px|12px&#8221; global_colors_info=&#8221;{}&#8221; theme_builder_area=&#8221;post_content&#8221;][\/et_pb_image][et_pb_text _builder_version=&#8221;4.27.4&#8243; _module_preset=&#8221;default&#8221; text_text_color=&#8221;#B83A01&#8243; header_text_align=&#8221;left&#8221; header_text_color=&#8221;#B83A01&#8243; header_3_text_color=&#8221;#f42602&#8243; custom_padding=&#8221;||0px|||&#8221; header_2_text_shadow_style=&#8221;preset2&#8243; header_3_text_shadow_style=&#8221;preset2&#8243; locked=&#8221;off&#8221; global_colors_info=&#8221;{}&#8221; theme_builder_area=&#8221;post_content&#8221;]<\/p>\n<h3 style=\"text-align: right;\">Tarifa por Persona:<\/h3>\n<h3 style=\"text-align: right;\"><span style=\"color: #ff0000;\">$900<\/span><\/h3>\n<p>[\/et_pb_text][\/et_pb_column][\/et_pb_row][\/et_pb_section]<\/p>\n","protected":false},"excerpt":{"rendered":"<p>Machu Picchu ofrece la oportunidad de explorar las partes inferiores de la monta\u00f1a Huchuy Picchu, especialmente durante la temporada alta, brindando una experiencia \u00fanica con vistas panor\u00e1micas impresionantes. Esta caminata es perfecta para quienes buscan una aventura moderada que combine naturaleza, historia y paisajes espectaculares. El recorrido hacia Huchuy Picchu es una experiencia completa que [&hellip;]<\/p>\n","protected":false},"author":1,"featured_media":164,"parent":133,"menu_order":0,"comment_status":"closed","ping_status":"closed","template":"","meta":{"_et_pb_use_builder":"on","_et_pb_old_content":"","_et_gb_content_width":"","footnotes":""},"class_list":["post-260","page","type-page","status-publish","has-post-thumbnail","hentry"],"_links":{"self":[{"href":"https:\/\/travelexperienceperu.com\/index.php\/wp-json\/wp\/v2\/pages\/260","targetHints":{"allow":["GET"]}}],"collection":[{"href":"https:\/\/travelexperienceperu.com\/index.php\/wp-json\/wp\/v2\/pages"}],"about":[{"href":"https:\/\/travelexperienceperu.com\/index.php\/wp-json\/wp\/v2\/types\/page"}],"author":[{"embeddable":true,"href":"https:\/\/travelexperienceperu.com\/index.php\/wp-json\/wp\/v2\/users\/1"}],"replies":[{"embeddable":true,"href":"https:\/\/travelexperienceperu.com\/index.php\/wp-json\/wp\/v2\/comments?post=260"}],"version-history":[{"count":12,"href":"https:\/\/travelexperienceperu.com\/index.php\/wp-json\/wp\/v2\/pages\/260\/revisions"}],"predecessor-version":[{"id":1829,"href":"https:\/\/travelexperienceperu.com\/index.php\/wp-json\/wp\/v2\/pages\/260\/revisions\/1829"}],"up":[{"embeddable":true,"href":"https:\/\/travelexperienceperu.com\/index.php\/wp-json\/wp\/v2\/pages\/133"}],"wp:featuredmedia":[{"embeddable":true,"href":"https:\/\/travelexperienceperu.com\/index.php\/wp-json\/wp\/v2\/media\/164"}],"wp:attachment":[{"href":"https:\/\/travelexperienceperu.com\/index.php\/wp-json\/wp\/v2\/media?parent=260"}],"curies":[{"name":"wp","href":"https:\/\/api.w.org\/{rel}","templated":true}]}}