{"id":237,"date":"2025-05-01T04:49:53","date_gmt":"2025-05-01T04:49:53","guid":{"rendered":"https:\/\/travelexperienceperu.com\/?page_id=237"},"modified":"2025-11-27T03:11:03","modified_gmt":"2025-11-27T03:11:03","slug":"237-2","status":"publish","type":"page","link":"https:\/\/travelexperienceperu.com\/index.php\/machu-picchu\/237-2\/","title":{"rendered":"Ruta 3-A"},"content":{"rendered":"<p>[et_pb_section fb_built=&#8221;1&#8243; module_id=&#8221;3-A&#8221; _builder_version=&#8221;4.27.4&#8243; _module_preset=&#8221;default&#8221; background_color=&#8221;#2a2632&#8243; hover_enabled=&#8221;0&#8243; da_disable_devices=&#8221;off|off|off&#8221; global_colors_info=&#8221;{}&#8221; theme_builder_area=&#8221;post_content&#8221; sticky_enabled=&#8221;0&#8243; da_is_popup=&#8221;off&#8221; da_exit_intent=&#8221;off&#8221; da_has_close=&#8221;on&#8221; da_alt_close=&#8221;off&#8221; da_dark_close=&#8221;off&#8221; da_not_modal=&#8221;on&#8221; da_is_singular=&#8221;off&#8221; da_with_loader=&#8221;off&#8221; da_has_shadow=&#8221;on&#8221;][et_pb_row _builder_version=&#8221;4.27.4&#8243; _module_preset=&#8221;default&#8221; background_color=&#8221;#B83A01&#8243; width=&#8221;55%&#8221; border_radii=&#8221;on|12px|12px|12px|12px&#8221; global_colors_info=&#8221;{}&#8221; theme_builder_area=&#8221;post_content&#8221;][et_pb_column type=&#8221;4_4&#8243; _builder_version=&#8221;4.27.4&#8243; _module_preset=&#8221;default&#8221; global_colors_info=&#8221;{}&#8221; theme_builder_area=&#8221;post_content&#8221;][et_pb_post_title meta=&#8221;off&#8221; _builder_version=&#8221;4.27.4&#8243; _module_preset=&#8221;default&#8221; title_level=&#8221;h2&#8243; title_text_color=&#8221;#FFFF72&#8243; text_orientation=&#8221;center&#8221; border_radii=&#8221;on|12px|12px|12px|12px&#8221; global_colors_info=&#8221;{}&#8221; theme_builder_area=&#8221;post_content&#8221;][\/et_pb_post_title][\/et_pb_column][\/et_pb_row][et_pb_row _builder_version=&#8221;4.27.4&#8243; _module_preset=&#8221;default&#8221; custom_padding=&#8221;37px|||||&#8221; global_colors_info=&#8221;{}&#8221; theme_builder_area=&#8221;post_content&#8221;][et_pb_column type=&#8221;4_4&#8243; _builder_version=&#8221;4.27.4&#8243; _module_preset=&#8221;default&#8221; global_colors_info=&#8221;{}&#8221; theme_builder_area=&#8221;post_content&#8221;][et_pb_text _builder_version=&#8221;4.27.4&#8243; _module_preset=&#8221;default&#8221; header_4_text_align=&#8221;center&#8221; text_orientation=&#8221;center&#8221; global_colors_info=&#8221;{}&#8221; theme_builder_area=&#8221;post_content&#8221; background_layout=&#8221;dark&#8221;]<\/p>\n<h6 style=\"text-align: justify;\">El ascenso al imponente Huayna Picchu es una experiencia \u00fanica que combina aventura, historia y paisajes espectaculares. Esta prominente monta\u00f1a, que se alza majestuosamente sobre la ciudadela de Machu Picchu, es uno de los destinos m\u00e1s codiciados por los visitantes debido a su exclusividad y a las vistas incomparables que ofrece. Desde su cima, podr\u00e1s disfrutar de una perspectiva privilegiada de las ruinas y del impresionante entorno natural que las rodea, con monta\u00f1as cubiertas de vegetaci\u00f3n y profundos valles que parecen extenderse hasta el infinito.<\/h6>\n<h6 style=\"text-align: justify;\">El recorrido hacia la cima de Huayna Picchu es una aventura emocionante que requiere tanto buena condici\u00f3n f\u00edsica como valent\u00eda, especialmente para quienes no temen a las alturas. Los empinados caminos, tallados en la roca por los antiguos incas, te llevar\u00e1n a trav\u00e9s de un sendero desafiante pero incre\u00edblemente gratificante. A lo largo del ascenso, ser\u00e1s recompensado con vistas panor\u00e1micas que te dejar\u00e1n sin aliento y con la oportunidad de explorar \u00e1reas exclusivas como el misterioso Templo de la Luna, un lugar sagrado que refleja la conexi\u00f3n espiritual de los incas con la naturaleza y el cosmos.<\/h6>\n<h6 style=\"text-align: justify;\">La caminata tiene una duraci\u00f3n aproximada de 3 horas, tiempo en el que podr\u00e1s sumergirte en la magia de este lugar \u00fanico. Adem\u00e1s del ascenso, esta experiencia incluye una visita a las terrazas inferiores de Huayna Picchu, donde podr\u00e1s apreciar de cerca la ingenier\u00eda agr\u00edcola de los incas y su capacidad para adaptarse a los desafiantes terrenos de los Andes.<\/h6>\n<h6 style=\"text-align: justify;\">Si buscas una experiencia que combine aventura, historia y paisajes inolvidables, el ascenso al Huayna Picchu es la elecci\u00f3n perfecta. Es una oportunidad para desafiar tus l\u00edmites, conectar con la majestuosidad de los Andes y descubrir un lado m\u00e1s \u00edntimo y exclusivo de Machu Picchu. \u00a1Prep\u00e1rate para vivir una aventura que quedar\u00e1 grabada en tu memoria para siempre!<\/h6>\n<p>[\/et_pb_text][\/et_pb_column][\/et_pb_row][et_pb_row column_structure=&#8221;1_2,1_2&#8243; _builder_version=&#8221;4.27.4&#8243; _module_preset=&#8221;default&#8221; global_colors_info=&#8221;{}&#8221; theme_builder_area=&#8221;post_content&#8221;][et_pb_column type=&#8221;1_2&#8243; _builder_version=&#8221;4.27.4&#8243; _module_preset=&#8221;default&#8221; global_colors_info=&#8221;{}&#8221; theme_builder_area=&#8221;post_content&#8221;][et_pb_image src=&#8221;https:\/\/travelexperienceperu.com\/wp-content\/uploads\/2025\/05\/29.png&#8221; title_text=&#8221;29&#8243; _builder_version=&#8221;4.27.4&#8243; _module_preset=&#8221;default&#8221; border_radii=&#8221;on|12px|12px|12px|12px&#8221; global_colors_info=&#8221;{}&#8221; theme_builder_area=&#8221;post_content&#8221;][\/et_pb_image][\/et_pb_column][et_pb_column type=&#8221;1_2&#8243; _builder_version=&#8221;4.27.4&#8243; _module_preset=&#8221;default&#8221; global_colors_info=&#8221;{}&#8221; theme_builder_area=&#8221;post_content&#8221;][et_pb_image src=&#8221;https:\/\/travelexperienceperu.com\/wp-content\/uploads\/2025\/04\/MACHU-PICCHU-PERU-1.jpeg&#8221; title_text=&#8221;MACHU PICCHU &#8211; PER\u00da&#8221; _builder_version=&#8221;4.27.4&#8243; _module_preset=&#8221;default&#8221; width=&#8221;43%&#8221; module_alignment=&#8221;center&#8221; border_radii=&#8221;on|12px|12px|12px|12px&#8221; global_colors_info=&#8221;{}&#8221; theme_builder_area=&#8221;post_content&#8221;][\/et_pb_image][et_pb_text _builder_version=&#8221;4.27.4&#8243; _module_preset=&#8221;default&#8221; text_text_color=&#8221;#B83A01&#8243; header_text_align=&#8221;left&#8221; header_text_color=&#8221;#B83A01&#8243; header_3_text_color=&#8221;#f42602&#8243; custom_padding=&#8221;||0px|||&#8221; header_2_text_shadow_style=&#8221;preset2&#8243; header_3_text_shadow_style=&#8221;preset2&#8243; locked=&#8221;off&#8221; global_colors_info=&#8221;{}&#8221; theme_builder_area=&#8221;post_content&#8221;]<\/p>\n<h3 style=\"text-align: right;\">Tarifa por Persona:<\/h3>\n<h3 style=\"text-align: right;\"><span style=\"color: #ff0000;\">$600<\/span><\/h3>\n<p>[\/et_pb_text][\/et_pb_column][\/et_pb_row][\/et_pb_section]<\/p>\n","protected":false},"excerpt":{"rendered":"<p>El ascenso al imponente Huayna Picchu es una experiencia \u00fanica que combina aventura, historia y paisajes espectaculares. Esta prominente monta\u00f1a, que se alza majestuosamente sobre la ciudadela de Machu Picchu, es uno de los destinos m\u00e1s codiciados por los visitantes debido a su exclusividad y a las vistas incomparables que ofrece. Desde su cima, podr\u00e1s [&hellip;]<\/p>\n","protected":false},"author":1,"featured_media":160,"parent":133,"menu_order":0,"comment_status":"closed","ping_status":"closed","template":"","meta":{"_et_pb_use_builder":"on","_et_pb_old_content":"","_et_gb_content_width":"","footnotes":""},"class_list":["post-237","page","type-page","status-publish","has-post-thumbnail","hentry"],"_links":{"self":[{"href":"https:\/\/travelexperienceperu.com\/index.php\/wp-json\/wp\/v2\/pages\/237","targetHints":{"allow":["GET"]}}],"collection":[{"href":"https:\/\/travelexperienceperu.com\/index.php\/wp-json\/wp\/v2\/pages"}],"about":[{"href":"https:\/\/travelexperienceperu.com\/index.php\/wp-json\/wp\/v2\/types\/page"}],"author":[{"embeddable":true,"href":"https:\/\/travelexperienceperu.com\/index.php\/wp-json\/wp\/v2\/users\/1"}],"replies":[{"embeddable":true,"href":"https:\/\/travelexperienceperu.com\/index.php\/wp-json\/wp\/v2\/comments?post=237"}],"version-history":[{"count":12,"href":"https:\/\/travelexperienceperu.com\/index.php\/wp-json\/wp\/v2\/pages\/237\/revisions"}],"predecessor-version":[{"id":1825,"href":"https:\/\/travelexperienceperu.com\/index.php\/wp-json\/wp\/v2\/pages\/237\/revisions\/1825"}],"up":[{"embeddable":true,"href":"https:\/\/travelexperienceperu.com\/index.php\/wp-json\/wp\/v2\/pages\/133"}],"wp:featuredmedia":[{"embeddable":true,"href":"https:\/\/travelexperienceperu.com\/index.php\/wp-json\/wp\/v2\/media\/160"}],"wp:attachment":[{"href":"https:\/\/travelexperienceperu.com\/index.php\/wp-json\/wp\/v2\/media?parent=237"}],"curies":[{"name":"wp","href":"https:\/\/api.w.org\/{rel}","templated":true}]}}