{"id":225,"date":"2025-05-01T04:33:30","date_gmt":"2025-05-01T04:33:30","guid":{"rendered":"https:\/\/travelexperienceperu.com\/?page_id=225"},"modified":"2025-11-27T03:08:10","modified_gmt":"2025-11-27T03:08:10","slug":"225-2","status":"publish","type":"page","link":"https:\/\/travelexperienceperu.com\/index.php\/machu-picchu\/225-2\/","title":{"rendered":"Ruta 2-A"},"content":{"rendered":"<p>[et_pb_section fb_built=&#8221;1&#8243; module_id=&#8221;2-A&#8221; _builder_version=&#8221;4.27.4&#8243; _module_preset=&#8221;default&#8221; background_color=&#8221;#2a2632&#8243; hover_enabled=&#8221;0&#8243; da_disable_devices=&#8221;off|off|off&#8221; global_colors_info=&#8221;{}&#8221; theme_builder_area=&#8221;post_content&#8221; sticky_enabled=&#8221;0&#8243; da_is_popup=&#8221;off&#8221; da_exit_intent=&#8221;off&#8221; da_has_close=&#8221;on&#8221; da_alt_close=&#8221;off&#8221; da_dark_close=&#8221;off&#8221; da_not_modal=&#8221;on&#8221; da_is_singular=&#8221;off&#8221; da_with_loader=&#8221;off&#8221; da_has_shadow=&#8221;on&#8221;][et_pb_row _builder_version=&#8221;4.27.4&#8243; _module_preset=&#8221;default&#8221; background_color=&#8221;#B83A01&#8243; width=&#8221;54%&#8221; border_radii=&#8221;on|12px|12px|12px|12px&#8221; box_shadow_style=&#8221;preset1&#8243; global_colors_info=&#8221;{}&#8221; theme_builder_area=&#8221;post_content&#8221;][et_pb_column type=&#8221;4_4&#8243; _builder_version=&#8221;4.27.4&#8243; _module_preset=&#8221;default&#8221; global_colors_info=&#8221;{}&#8221; theme_builder_area=&#8221;post_content&#8221;][et_pb_post_title meta=&#8221;off&#8221; force_fullwidth=&#8221;off&#8221; _builder_version=&#8221;4.27.4&#8243; _module_preset=&#8221;default&#8221; title_level=&#8221;h2&#8243; title_text_align=&#8221;center&#8221; title_text_color=&#8221;#FFFF72&#8243; text_orientation=&#8221;center&#8221; global_colors_info=&#8221;{}&#8221; max_width__hover_enabled=&#8221;on|desktop&#8221; theme_builder_area=&#8221;post_content&#8221;][\/et_pb_post_title][\/et_pb_column][\/et_pb_row][et_pb_row _builder_version=&#8221;4.27.4&#8243; _module_preset=&#8221;default&#8221; global_colors_info=&#8221;{}&#8221; theme_builder_area=&#8221;post_content&#8221;][et_pb_column type=&#8221;4_4&#8243; _builder_version=&#8221;4.27.4&#8243; _module_preset=&#8221;default&#8221; global_colors_info=&#8221;{}&#8221; theme_builder_area=&#8221;post_content&#8221;][et_pb_text _builder_version=&#8221;4.27.4&#8243; _module_preset=&#8221;default&#8221; header_4_text_align=&#8221;center&#8221; text_orientation=&#8221;center&#8221; global_colors_info=&#8221;{}&#8221; theme_builder_area=&#8221;post_content&#8221; background_layout=&#8221;dark&#8221;]<\/p>\n<h4 style=\"text-align: justify;\">Esta ruta es, sin duda, la opci\u00f3n ideal para quienes visitan Machu Picchu por primera vez. Dise\u00f1ada para ofrecerte una experiencia completa e inolvidable, combina las mejores vistas panor\u00e1micas con un recorrido detallado por la parte inferior de la ciudadela. Es la oportunidad perfecta para sumergirte en la magia de este lugar emblem\u00e1tico y descubrir por qu\u00e9 es considerado una de las maravillas del mundo.<\/h4>\n<h4 style=\"text-align: justify;\"><\/h4>\n<h4 style=\"text-align: justify;\">Desde el inicio del recorrido, te encontrar\u00e1s con paisajes impresionantes que te dejar\u00e1n sin aliento. Prep\u00e1rate para capturar la cl\u00e1sica foto tipo postal de Machu Picchu, esa imagen ic\u00f3nica que representa la grandeza de esta antigua ciudad inca. Desde los puntos m\u00e1s estrat\u00e9gicos, podr\u00e1s admirar la armon\u00eda entre la arquitectura y la naturaleza, con las monta\u00f1as andinas y el exuberante valle como tel\u00f3n de fondo.<\/h4>\n<h4 style=\"text-align: justify;\"><\/h4>\n<h4 style=\"text-align: justify;\">Pero esta ruta no se trata solo de vistas espectaculares. Tambi\u00e9n te llevar\u00e1 a explorar en profundidad las ruinas de Machu Picchu, permiti\u00e9ndote caminar por sus antiguos caminos, plazas y templos. A lo largo del recorrido, aprender\u00e1s sobre la fascinante historia de esta ciudadela, su importancia para los incas y los misterios que a\u00fan la rodean. Cada rinc\u00f3n cuenta una historia, y cada detalle arquitect\u00f3nico refleja la maestr\u00eda y el conocimiento avanzado de esta civilizaci\u00f3n.<\/h4>\n<h4 style=\"text-align: justify;\"><\/h4>\n<h4 style=\"text-align: justify;\">Esta experiencia es perfecta para quienes desean una conexi\u00f3n m\u00e1s profunda con Machu Picchu, combinando la belleza visual con el aprendizaje hist\u00f3rico. Es una ruta que te permitir\u00e1 apreciar tanto la majestuosidad del lugar como su significado cultural y espiritual. Adem\u00e1s, al ser un recorrido completo, es ideal para aprovechar al m\u00e1ximo tu visita y llevarte una visi\u00f3n integral de este sitio \u00fanico.<\/h4>\n<h4 style=\"text-align: justify;\"><\/h4>\n<h4 style=\"text-align: justify;\">Si est\u00e1s planeando tu primera visita a Machu Picchu, esta ruta es la elecci\u00f3n perfecta. Te garantiza momentos inolvidables, fotograf\u00edas espectaculares y una experiencia enriquecedora que quedar\u00e1 grabada en tu memoria para siempre. \u00a1Prep\u00e1rate para descubrir la magia de Machu Picchu en todo su esplendor!<\/h4>\n<p>[\/et_pb_text][\/et_pb_column][\/et_pb_row][et_pb_row column_structure=&#8221;1_2,1_2&#8243; _builder_version=&#8221;4.27.4&#8243; _module_preset=&#8221;default&#8221; global_colors_info=&#8221;{}&#8221; theme_builder_area=&#8221;post_content&#8221;][et_pb_column type=&#8221;1_2&#8243; _builder_version=&#8221;4.27.4&#8243; _module_preset=&#8221;default&#8221; global_colors_info=&#8221;{}&#8221; theme_builder_area=&#8221;post_content&#8221;][et_pb_image src=&#8221;https:\/\/travelexperienceperu.com\/wp-content\/uploads\/2025\/05\/29.png&#8221; title_text=&#8221;29&#8243; admin_label=&#8221;Image&#8221; _builder_version=&#8221;4.27.4&#8243; _module_preset=&#8221;default&#8221; border_radii=&#8221;on|12px|12px|12px|12px&#8221; global_colors_info=&#8221;{}&#8221; theme_builder_area=&#8221;post_content&#8221;][\/et_pb_image][\/et_pb_column][et_pb_column type=&#8221;1_2&#8243; _builder_version=&#8221;4.27.4&#8243; _module_preset=&#8221;default&#8221; global_colors_info=&#8221;{}&#8221; theme_builder_area=&#8221;post_content&#8221;][et_pb_image src=&#8221;https:\/\/travelexperienceperu.com\/wp-content\/uploads\/2025\/05\/5.png&#8221; title_text=&#8221;5&#8243; _builder_version=&#8221;4.27.4&#8243; _module_preset=&#8221;default&#8221; max_width=&#8221;94%&#8221; module_alignment=&#8221;center&#8221; border_radii=&#8221;on|12px|12px|12px|12px&#8221; global_colors_info=&#8221;{}&#8221; theme_builder_area=&#8221;post_content&#8221;][\/et_pb_image][et_pb_text _builder_version=&#8221;4.27.4&#8243; _module_preset=&#8221;default&#8221; text_text_color=&#8221;#B83A01&#8243; header_text_align=&#8221;left&#8221; header_text_color=&#8221;#B83A01&#8243; header_3_text_color=&#8221;#f42602&#8243; custom_padding=&#8221;||0px|||&#8221; header_2_text_shadow_style=&#8221;preset2&#8243; header_3_text_shadow_style=&#8221;preset2&#8243; locked=&#8221;off&#8221; global_colors_info=&#8221;{}&#8221; theme_builder_area=&#8221;post_content&#8221;]<\/p>\n<h3 style=\"text-align: right;\">Tarifa por Persona:<\/h3>\n<h3 style=\"text-align: right;\"><span style=\"color: #ff0000;\">$600<\/span><\/h3>\n<p>[\/et_pb_text][\/et_pb_column][\/et_pb_row][\/et_pb_section]<\/p>\n","protected":false},"excerpt":{"rendered":"<p>Esta ruta es, sin duda, la opci\u00f3n ideal para quienes visitan Machu Picchu por primera vez. Dise\u00f1ada para ofrecerte una experiencia completa e inolvidable, combina las mejores vistas panor\u00e1micas con un recorrido detallado por la parte inferior de la ciudadela. Es la oportunidad perfecta para sumergirte en la magia de este lugar emblem\u00e1tico y descubrir [&hellip;]<\/p>\n","protected":false},"author":1,"featured_media":153,"parent":133,"menu_order":0,"comment_status":"closed","ping_status":"closed","template":"","meta":{"_et_pb_use_builder":"on","_et_pb_old_content":"","_et_gb_content_width":"","footnotes":""},"class_list":["post-225","page","type-page","status-publish","has-post-thumbnail","hentry"],"_links":{"self":[{"href":"https:\/\/travelexperienceperu.com\/index.php\/wp-json\/wp\/v2\/pages\/225","targetHints":{"allow":["GET"]}}],"collection":[{"href":"https:\/\/travelexperienceperu.com\/index.php\/wp-json\/wp\/v2\/pages"}],"about":[{"href":"https:\/\/travelexperienceperu.com\/index.php\/wp-json\/wp\/v2\/types\/page"}],"author":[{"embeddable":true,"href":"https:\/\/travelexperienceperu.com\/index.php\/wp-json\/wp\/v2\/users\/1"}],"replies":[{"embeddable":true,"href":"https:\/\/travelexperienceperu.com\/index.php\/wp-json\/wp\/v2\/comments?post=225"}],"version-history":[{"count":16,"href":"https:\/\/travelexperienceperu.com\/index.php\/wp-json\/wp\/v2\/pages\/225\/revisions"}],"predecessor-version":[{"id":1819,"href":"https:\/\/travelexperienceperu.com\/index.php\/wp-json\/wp\/v2\/pages\/225\/revisions\/1819"}],"up":[{"embeddable":true,"href":"https:\/\/travelexperienceperu.com\/index.php\/wp-json\/wp\/v2\/pages\/133"}],"wp:featuredmedia":[{"embeddable":true,"href":"https:\/\/travelexperienceperu.com\/index.php\/wp-json\/wp\/v2\/media\/153"}],"wp:attachment":[{"href":"https:\/\/travelexperienceperu.com\/index.php\/wp-json\/wp\/v2\/media?parent=225"}],"curies":[{"name":"wp","href":"https:\/\/api.w.org\/{rel}","templated":true}]}}