{"id":219,"date":"2025-05-01T04:29:15","date_gmt":"2025-05-01T04:29:15","guid":{"rendered":"https:\/\/travelexperienceperu.com\/?page_id=219"},"modified":"2025-11-27T03:07:32","modified_gmt":"2025-11-27T03:07:32","slug":"219-2","status":"publish","type":"page","link":"https:\/\/travelexperienceperu.com\/index.php\/machu-picchu\/219-2\/","title":{"rendered":"Ruta 1-D"},"content":{"rendered":"<p>[et_pb_section fb_built=&#8221;1&#8243; module_id=&#8221;1-D&#8221; _builder_version=&#8221;4.27.4&#8243; _module_preset=&#8221;default&#8221; background_color=&#8221;#2a2632&#8243; hover_enabled=&#8221;0&#8243; da_disable_devices=&#8221;off|off|off&#8221; global_colors_info=&#8221;{}&#8221; theme_builder_area=&#8221;post_content&#8221; sticky_enabled=&#8221;0&#8243; da_is_popup=&#8221;off&#8221; da_exit_intent=&#8221;off&#8221; da_has_close=&#8221;on&#8221; da_alt_close=&#8221;off&#8221; da_dark_close=&#8221;off&#8221; da_not_modal=&#8221;on&#8221; da_is_singular=&#8221;off&#8221; da_with_loader=&#8221;off&#8221; da_has_shadow=&#8221;on&#8221;][et_pb_row _builder_version=&#8221;4.27.4&#8243; _module_preset=&#8221;default&#8221; global_colors_info=&#8221;{}&#8221; theme_builder_area=&#8221;post_content&#8221;][et_pb_column type=&#8221;4_4&#8243; _builder_version=&#8221;4.27.4&#8243; _module_preset=&#8221;default&#8221; global_colors_info=&#8221;{}&#8221; theme_builder_area=&#8221;post_content&#8221;][et_pb_post_title meta=&#8221;off&#8221; _builder_version=&#8221;4.27.4&#8243; _module_preset=&#8221;default&#8221; title_level=&#8221;h2&#8243; title_text_color=&#8221;#FFFF72&#8243; background_color=&#8221;#B83A01&#8243; text_orientation=&#8221;center&#8221; width=&#8221;68%&#8221; module_alignment=&#8221;center&#8221; custom_padding=&#8221;12px||||false|false&#8221; border_radii=&#8221;on|12px|12px|12px|12px&#8221; box_shadow_style=&#8221;preset1&#8243; global_colors_info=&#8221;{}&#8221; theme_builder_area=&#8221;post_content&#8221;][\/et_pb_post_title][\/et_pb_column][\/et_pb_row][et_pb_row _builder_version=&#8221;4.27.4&#8243; _module_preset=&#8221;default&#8221; global_colors_info=&#8221;{}&#8221; theme_builder_area=&#8221;post_content&#8221;][et_pb_column type=&#8221;4_4&#8243; _builder_version=&#8221;4.27.4&#8243; _module_preset=&#8221;default&#8221; global_colors_info=&#8221;{}&#8221; theme_builder_area=&#8221;post_content&#8221;][et_pb_text _builder_version=&#8221;4.27.4&#8243; _module_preset=&#8221;default&#8221; header_4_text_align=&#8221;center&#8221; text_orientation=&#8221;center&#8221; global_colors_info=&#8221;{}&#8221; theme_builder_area=&#8221;post_content&#8221; background_layout=&#8221;dark&#8221;]<\/p>\n<h4 style=\"text-align: justify;\">La visita al Puente Inca es una experiencia fascinante que te transportar\u00e1 al ingenio y la habilidad arquitect\u00f3nica de los antiguos incas. Este impresionante puente, construido sobre un abismo vertiginoso, no solo es una obra maestra de ingenier\u00eda, sino que tambi\u00e9n tiene un profundo significado hist\u00f3rico. En su \u00e9poca, el Puente Inca funcionaba como una entrada secreta a Machu Picchu, un acceso reservado y estrat\u00e9gico que proteg\u00eda la ciudadela de posibles intrusos. Hoy en d\u00eda, este lugar sigue siendo un testimonio del ingenio y la conexi\u00f3n de los incas con su entorno natural.<\/h4>\n<h4 style=\"text-align: justify;\"><\/h4>\n<h4 style=\"text-align: justify;\">Para llegar al Puente Inca, el recorrido comienza en la puerta principal de entrada a Machu Picchu. Desde all\u00ed, deber\u00e1s caminar aproximadamente 15 a 20 minutos (unos 750 metros) hasta llegar a la caseta de registro, donde comienza oficialmente la ruta hacia este ic\u00f3nico lugar. El sendero, rodeado de paisajes espectaculares, te llevar\u00e1 a trav\u00e9s de un camino tranquilo y menos concurrido, lo que lo convierte en una opci\u00f3n ideal para quienes buscan una experiencia m\u00e1s relajada y en contacto con la naturaleza.<\/h4>\n<h4 style=\"text-align: justify;\"><\/h4>\n<h4 style=\"text-align: justify;\">A medida que te acerques al Puente Inca, quedar\u00e1s maravillado por la audacia de su construcci\u00f3n, que desaf\u00eda las leyes de la gravedad al extenderse sobre un abismo profundo. Este puente, hecho de piedra y madera, era una pieza clave en la red de caminos incas, conocida como el Qhapaq \u00d1an, y su dise\u00f1o permit\u00eda que pudiera ser desmontado r\u00e1pidamente en caso de amenaza, asegurando la protecci\u00f3n de la ciudadela.<\/h4>\n<h4 style=\"text-align: justify;\"><\/h4>\n<h4 style=\"text-align: justify;\">La ruta al Puente Inca no solo ofrece una experiencia cultural e hist\u00f3rica, sino tambi\u00e9n una conexi\u00f3n \u00edntima con el entorno natural de Machu Picchu. Desde el sendero, podr\u00e1s disfrutar de vistas impresionantes de las monta\u00f1as circundantes y del valle que se extiende a tus pies, todo en un ambiente de paz y serenidad que contrasta con las \u00e1reas m\u00e1s concurridas de la ciudadela.<\/h4>\n<h4 style=\"text-align: justify;\"><\/h4>\n<h4 style=\"text-align: justify;\">Si buscas una aventura que combine historia, arquitectura y naturaleza, la visita al Puente Inca es una opci\u00f3n perfecta. Este recorrido te permitir\u00e1 descubrir un lado menos conocido de Machu Picchu, mientras te maravillas con la grandeza de los incas y su capacidad para armonizar con el entorno. \u00a1Prep\u00e1rate para explorar este rinc\u00f3n \u00fanico y llevarte recuerdos inolvidables de tu visita a Machu Picchu!<\/h4>\n<h4 style=\"text-align: justify;\"><\/h4>\n<p>[\/et_pb_text][\/et_pb_column][\/et_pb_row][et_pb_row column_structure=&#8221;1_2,1_2&#8243; _builder_version=&#8221;4.27.4&#8243; _module_preset=&#8221;default&#8221; global_colors_info=&#8221;{}&#8221; theme_builder_area=&#8221;post_content&#8221;][et_pb_column type=&#8221;1_2&#8243; _builder_version=&#8221;4.27.4&#8243; _module_preset=&#8221;default&#8221; global_colors_info=&#8221;{}&#8221; theme_builder_area=&#8221;post_content&#8221;][et_pb_image src=&#8221;https:\/\/travelexperienceperu.com\/wp-content\/uploads\/2025\/05\/5.png&#8221; title_text=&#8221;5&#8243; _builder_version=&#8221;4.27.4&#8243; _module_preset=&#8221;default&#8221; border_radii=&#8221;on|12px|12px|12px|12px&#8221; global_colors_info=&#8221;{}&#8221; theme_builder_area=&#8221;post_content&#8221;][\/et_pb_image][\/et_pb_column][et_pb_column type=&#8221;1_2&#8243; _builder_version=&#8221;4.27.4&#8243; _module_preset=&#8221;default&#8221; global_colors_info=&#8221;{}&#8221; theme_builder_area=&#8221;post_content&#8221;][et_pb_image src=&#8221;https:\/\/travelexperienceperu.com\/wp-content\/uploads\/2025\/05\/8.png&#8221; title_text=&#8221;8&#8243; _builder_version=&#8221;4.27.4&#8243; _module_preset=&#8221;default&#8221; width=&#8221;89%&#8221; module_alignment=&#8221;center&#8221; border_radii=&#8221;on|12px|12px|12px|12px&#8221; global_colors_info=&#8221;{}&#8221; theme_builder_area=&#8221;post_content&#8221;][\/et_pb_image][et_pb_text _builder_version=&#8221;4.27.4&#8243; _module_preset=&#8221;default&#8221; text_text_color=&#8221;#B83A01&#8243; header_text_align=&#8221;left&#8221; header_text_color=&#8221;#B83A01&#8243; header_3_text_color=&#8221;#f42602&#8243; custom_padding=&#8221;||0px|||&#8221; header_2_text_shadow_style=&#8221;preset2&#8243; header_3_text_shadow_style=&#8221;preset2&#8243; locked=&#8221;off&#8221; global_colors_info=&#8221;{}&#8221; theme_builder_area=&#8221;post_content&#8221;]<\/p>\n<h3 style=\"text-align: right;\">Tarifa por Persona:<\/h3>\n<h3 style=\"text-align: right;\"><span style=\"color: #ff0000;\">$900<\/span><\/h3>\n<p>[\/et_pb_text][\/et_pb_column][\/et_pb_row][\/et_pb_section]<\/p>\n","protected":false},"excerpt":{"rendered":"<p>La visita al Puente Inca es una experiencia fascinante que te transportar\u00e1 al ingenio y la habilidad arquitect\u00f3nica de los antiguos incas. Este impresionante puente, construido sobre un abismo vertiginoso, no solo es una obra maestra de ingenier\u00eda, sino que tambi\u00e9n tiene un profundo significado hist\u00f3rico. En su \u00e9poca, el Puente Inca funcionaba como una [&hellip;]<\/p>\n","protected":false},"author":1,"featured_media":148,"parent":133,"menu_order":0,"comment_status":"closed","ping_status":"closed","template":"","meta":{"_et_pb_use_builder":"on","_et_pb_old_content":"","_et_gb_content_width":"","footnotes":""},"class_list":["post-219","page","type-page","status-publish","has-post-thumbnail","hentry"],"_links":{"self":[{"href":"https:\/\/travelexperienceperu.com\/index.php\/wp-json\/wp\/v2\/pages\/219","targetHints":{"allow":["GET"]}}],"collection":[{"href":"https:\/\/travelexperienceperu.com\/index.php\/wp-json\/wp\/v2\/pages"}],"about":[{"href":"https:\/\/travelexperienceperu.com\/index.php\/wp-json\/wp\/v2\/types\/page"}],"author":[{"embeddable":true,"href":"https:\/\/travelexperienceperu.com\/index.php\/wp-json\/wp\/v2\/users\/1"}],"replies":[{"embeddable":true,"href":"https:\/\/travelexperienceperu.com\/index.php\/wp-json\/wp\/v2\/comments?post=219"}],"version-history":[{"count":12,"href":"https:\/\/travelexperienceperu.com\/index.php\/wp-json\/wp\/v2\/pages\/219\/revisions"}],"predecessor-version":[{"id":1818,"href":"https:\/\/travelexperienceperu.com\/index.php\/wp-json\/wp\/v2\/pages\/219\/revisions\/1818"}],"up":[{"embeddable":true,"href":"https:\/\/travelexperienceperu.com\/index.php\/wp-json\/wp\/v2\/pages\/133"}],"wp:featuredmedia":[{"embeddable":true,"href":"https:\/\/travelexperienceperu.com\/index.php\/wp-json\/wp\/v2\/media\/148"}],"wp:attachment":[{"href":"https:\/\/travelexperienceperu.com\/index.php\/wp-json\/wp\/v2\/media?parent=219"}],"curies":[{"name":"wp","href":"https:\/\/api.w.org\/{rel}","templated":true}]}}